{"id":741,"date":"2022-07-05T11:14:56","date_gmt":"2022-07-05T11:14:56","guid":{"rendered":"https:\/\/www.accioeducacio.org\/form\/"},"modified":"2023-07-26T13:13:58","modified_gmt":"2023-07-26T13:13:58","slug":"form","status":"publish","type":"page","link":"https:\/\/www.accioeducacio.org\/en\/form\/","title":{"rendered":"Form"},"content":{"rendered":"\t\t<div data-elementor-type=\"wp-page\" data-elementor-id=\"741\" class=\"elementor elementor-741\" data-elementor-post-type=\"page\">\n\t\t\t\t\t\t<section class=\"elementor-section elementor-top-section elementor-element elementor-element-7360dc1 elementor-section-full_width elementor-reverse-mobile elementor-section-height-min-height elementor-section-items-stretch elementor-reverse-tablet elementor-section-height-default\" data-id=\"7360dc1\" data-element_type=\"section\" data-settings=\"{&quot;jet_parallax_layout_list&quot;:[]}\">\n\t\t\t\t\t\t<div class=\"elementor-container elementor-column-gap-default\">\n\t\t\t\t\t<div class=\"elementor-column elementor-col-50 elementor-top-column elementor-element elementor-element-34f461a\" data-id=\"34f461a\" data-element_type=\"column\" data-settings=\"{&quot;background_background&quot;:&quot;classic&quot;}\">\n\t\t\t<div class=\"elementor-widget-wrap elementor-element-populated\">\n\t\t\t\t\t\t<div class=\"elementor-element elementor-element-d72b212 elementor-widget elementor-widget-spacer\" data-id=\"d72b212\" data-element_type=\"widget\" data-widget_type=\"spacer.default\">\n\t\t\t\t<div class=\"elementor-widget-container\">\n\t\t\t\t\t<div class=\"elementor-spacer\">\n\t\t\t<div class=\"elementor-spacer-inner\"><\/div>\n\t\t<\/div>\n\t\t\t\t<\/div>\n\t\t\t\t<\/div>\n\t\t\t\t\t<\/div>\n\t\t<\/div>\n\t\t\t\t<div class=\"elementor-column elementor-col-50 elementor-top-column elementor-element elementor-element-9b861ef\" data-id=\"9b861ef\" data-element_type=\"column\" data-settings=\"{&quot;background_background&quot;:&quot;classic&quot;}\">\n\t\t\t<div class=\"elementor-widget-wrap elementor-element-populated\">\n\t\t\t\t\t\t<div class=\"elementor-element elementor-element-3c9be2e elementor-widget elementor-widget-heading\" data-id=\"3c9be2e\" data-element_type=\"widget\" data-widget_type=\"heading.default\">\n\t\t\t\t<div class=\"elementor-widget-container\">\n\t\t\t<h1 class=\"elementor-heading-title elementor-size-default\">Form<\/h1>\t\t<\/div>\n\t\t\t\t<\/div>\n\t\t\t\t\t<\/div>\n\t\t<\/div>\n\t\t\t\t\t<\/div>\n\t\t<\/section>\n\t\t\t\t<section class=\"elementor-section elementor-top-section elementor-element elementor-element-14cf236 elementor-section-boxed elementor-section-height-default elementor-section-height-default\" data-id=\"14cf236\" data-element_type=\"section\" data-settings=\"{&quot;jet_parallax_layout_list&quot;:[]}\">\n\t\t\t\t\t\t<div class=\"elementor-container elementor-column-gap-default\">\n\t\t\t\t\t<div class=\"elementor-column elementor-col-100 elementor-top-column elementor-element elementor-element-03fb2c5\" data-id=\"03fb2c5\" data-element_type=\"column\">\n\t\t\t<div class=\"elementor-widget-wrap elementor-element-populated\">\n\t\t\t\t\t\t<div class=\"elementor-element elementor-element-c96e706 elementor-widget elementor-widget-shortcode\" data-id=\"c96e706\" data-element_type=\"widget\" data-widget_type=\"shortcode.default\">\n\t\t\t\t<div class=\"elementor-widget-container\">\n\t\t\t\t\t<div class=\"elementor-shortcode\"><script type=\"text\/javascript\">var gform;gform||(document.addEventListener(\"gform_main_scripts_loaded\",function(){gform.scriptsLoaded=!0}),window.addEventListener(\"DOMContentLoaded\",function(){gform.domLoaded=!0}),gform={domLoaded:!1,scriptsLoaded:!1,initializeOnLoaded:function(o){gform.domLoaded&&gform.scriptsLoaded?o():!gform.domLoaded&&gform.scriptsLoaded?window.addEventListener(\"DOMContentLoaded\",o):document.addEventListener(\"gform_main_scripts_loaded\",o)},hooks:{action:{},filter:{}},addAction:function(o,n,r,t){gform.addHook(\"action\",o,n,r,t)},addFilter:function(o,n,r,t){gform.addHook(\"filter\",o,n,r,t)},doAction:function(o){gform.doHook(\"action\",o,arguments)},applyFilters:function(o){return gform.doHook(\"filter\",o,arguments)},removeAction:function(o,n){gform.removeHook(\"action\",o,n)},removeFilter:function(o,n,r){gform.removeHook(\"filter\",o,n,r)},addHook:function(o,n,r,t,i){null==gform.hooks[o][n]&&(gform.hooks[o][n]=[]);var e=gform.hooks[o][n];null==i&&(i=n+\"_\"+e.length),gform.hooks[o][n].push({tag:i,callable:r,priority:t=null==t?10:t})},doHook:function(n,o,r){var t;if(r=Array.prototype.slice.call(r,1),null!=gform.hooks[n][o]&&((o=gform.hooks[n][o]).sort(function(o,n){return o.priority-n.priority}),o.forEach(function(o){\"function\"!=typeof(t=o.callable)&&(t=window[t]),\"action\"==n?t.apply(null,r):r[0]=t.apply(null,r)})),\"filter\"==n)return r[0]},removeHook:function(o,n,t,i){var r;null!=gform.hooks[o][n]&&(r=(r=gform.hooks[o][n]).filter(function(o,n,r){return!!(null!=i&&i!=o.tag||null!=t&&t!=o.priority)}),gform.hooks[o][n]=r)}});<\/script>\n                <div class='gf_browser_gecko gform_wrapper gravity-theme' id='gform_wrapper_3' style='display:none'><div id='gf_3' class='gform_anchor' tabindex='-1'><\/div><form method='post' enctype='multipart\/form-data' target='gform_ajax_frame_3' id='gform_3'  action='\/en\/wp-json\/wp\/v2\/pages\/741#gf_3' novalidate>\n                        <div class='gform_body gform-body'><div id='gform_fields_3' class='gform_fields top_label form_sublabel_below description_below'><div id=\"field_3_3\"  class=\"gfield gfield--width-third field_sublabel_below field_description_below gfield_visibility_visible\"  data-js-reload=\"field_3_3\"><label class='gfield_label' for='input_3_3' >Name<\/label><div class='ginput_container ginput_container_text'><input name='input_3' id='input_3_3' type='text' value='' class='large'      aria-invalid=\"false\"   \/> <\/div><\/div><div id=\"field_3_5\"  class=\"gfield gfield--width-third field_sublabel_below field_description_below gfield_visibility_visible\"  data-js-reload=\"field_3_5\"><label class='gfield_label' for='input_3_5' >Surname<\/label><div class='ginput_container ginput_container_text'><input name='input_5' id='input_3_5' type='text' value='' class='large'      aria-invalid=\"false\"   \/> <\/div><\/div><div id=\"field_3_6\"  class=\"gfield gfield--width-third field_sublabel_below field_description_below gfield_visibility_visible\"  data-js-reload=\"field_3_6\"><label class='gfield_label' for='input_3_6' >Second surname<\/label><div class='ginput_container ginput_container_text'><input name='input_6' id='input_3_6' type='text' value='' class='large'      aria-invalid=\"false\"   \/> <\/div><\/div><div id=\"field_3_7\"  class=\"gfield gfield--width-third field_sublabel_below field_description_below gfield_visibility_visible\"  data-js-reload=\"field_3_7\"><label class='gfield_label' for='input_3_7' >ID\/Passport<\/label><div class='ginput_container ginput_container_text'><input name='input_7' id='input_3_7' type='text' value='' class='large'      aria-invalid=\"false\"   \/> <\/div><\/div><div id=\"field_3_10\"  class=\"gfield gfield--width-third field_sublabel_below field_description_below gfield_visibility_visible\"  data-js-reload=\"field_3_10\"><label class='gfield_label' for='input_3_10' >Email<\/label><div class='ginput_container ginput_container_email'>\n                            <input name='input_10' id='input_3_10' type='email' value='' class='large'     aria-invalid=\"false\"  \/>\n                        <\/div><\/div><div id=\"field_3_9\"  class=\"gfield gfield--width-third field_sublabel_below field_description_below gfield_visibility_visible\"  data-js-reload=\"field_3_9\"><label class='gfield_label' for='input_3_9' >Phone number<\/label><div class='ginput_container ginput_container_text'><input name='input_9' id='input_3_9' type='text' value='' class='large'      aria-invalid=\"false\"   \/> <\/div><\/div><fieldset id=\"field_3_15\"  class=\"gfield gfield--width-full gf_list_inline field_sublabel_below field_description_below gfield_visibility_visible\"  data-js-reload=\"field_3_15\"><legend class='gfield_label'  >Amount of donation (tick the appropriate box).<\/legend><div class='ginput_container ginput_container_radio'><div class='gfield_radio' id='input_3_15'>\n\t\t\t<div class='gchoice gchoice_3_15_0'>\n\t\t\t\t\t<input class='gfield-choice-input' name='input_15' type='radio' value='60\u20ac'  id='choice_3_15_0' onchange='gformToggleRadioOther( this )'    \/>\n\t\t\t\t\t<label for='choice_3_15_0' id='label_3_15_0'>60\u20ac<\/label>\n\t\t\t<\/div>\n\t\t\t<div class='gchoice gchoice_3_15_1'>\n\t\t\t\t\t<input class='gfield-choice-input' name='input_15' type='radio' value='720\u20ac'  id='choice_3_15_1' onchange='gformToggleRadioOther( this )'    \/>\n\t\t\t\t\t<label for='choice_3_15_1' id='label_3_15_1'>720\u20ac<\/label>\n\t\t\t<\/div>\n\t\t\t<div class='gchoice gchoice_3_15_2'>\n\t\t\t\t\t<input class='gfield-choice-input' name='input_15' type='radio' value='1.440\u20ac'  id='choice_3_15_2' onchange='gformToggleRadioOther( this )'    \/>\n\t\t\t\t\t<label for='choice_3_15_2' id='label_3_15_2'>1.440\u20ac<\/label>\n\t\t\t<\/div>\n\t\t\t<div class='gchoice gchoice_3_15_3'>\n\t\t\t\t\t<input class='gfield-choice-input' name='input_15' type='radio' value='3.600\u20ac'  id='choice_3_15_3' onchange='gformToggleRadioOther( this )'    \/>\n\t\t\t\t\t<label for='choice_3_15_3' id='label_3_15_3'>3.600\u20ac<\/label>\n\t\t\t<\/div>\n\t\t\t<div class='gchoice gchoice_3_15_4'>\n\t\t\t\t\t<input class='gfield-choice-input' name='input_15' type='radio' value='7.200\u20ac'  id='choice_3_15_4' onchange='gformToggleRadioOther( this )'    \/>\n\t\t\t\t\t<label for='choice_3_15_4' id='label_3_15_4'>7.200\u20ac<\/label>\n\t\t\t<\/div>\n\t\t\t<div class='gchoice gchoice_3_15_5'>\n\t\t\t\t\t<input class='gfield-choice-input' name='input_15' type='radio' value='Otra cantidad'  id='choice_3_15_5' onchange='gformToggleRadioOther( this )'    \/>\n\t\t\t\t\t<label for='choice_3_15_5' id='label_3_15_5'>Otra cantidad<\/label>\n\t\t\t<\/div><\/div><\/div><\/fieldset><div id=\"field_3_16\"  class=\"gfield gfield--width-full field_sublabel_below field_description_below hidden_label gfield_visibility_visible\"  data-js-reload=\"field_3_16\"><label class='gfield_label' for='input_3_16' >Amount<\/label><div class='ginput_container ginput_container_text'><input name='input_16' id='input_3_16' type='text' value='' class='large'    placeholder='Cantidad'  aria-invalid=\"false\"   \/> <\/div><\/div><div id=\"field_3_13\"  class=\"gfield gfield--width-full field_sublabel_below field_description_below gfield_visibility_visible\"  data-js-reload=\"field_3_13\"><label class='gfield_label' for='input_3_13' >Write the purpose of the donation (sponsorship, general purposes, Cameroon Project...)<\/label><div class='ginput_container ginput_container_text'><input name='input_13' id='input_3_13' type='text' value='' class='large'      aria-invalid=\"false\"   \/> <\/div><\/div><div id=\"field_3_17\"  class=\"gfield gfield--width-full field_sublabel_below field_description_below gfield_visibility_visible\"  data-js-reload=\"field_3_17\"><label class='gfield_label' for='input_3_17' >IBAN code<\/label><div class='ginput_container ginput_container_text'><input name='input_17' id='input_3_17' type='text' value='' class='large'  aria-describedby=\"gfield_description_3_17\"    aria-invalid=\"false\"   \/> <\/div><div class='gfield_description' id='gfield_description_3_17'>24 d\u00edgitos<\/div><\/div><div id=\"field_3_18\"  class=\"gfield gfield--width-full field_sublabel_below field_description_below gfield_visibility_visible\"  data-js-reload=\"field_3_18\"><label class='gfield_label' for='input_3_18' >Swift BIC Code<\/label><div class='ginput_container ginput_container_text'><input name='input_18' id='input_3_18' type='text' value='' class='large'  aria-describedby=\"gfield_description_3_18\"    aria-invalid=\"false\"   \/> <\/div><div class='gfield_description' id='gfield_description_3_18'>In case of international transfers, from 8 to 11 digits.<\/div><\/div><fieldset id=\"field_3_14\"  class=\"gfield gfield--width-full gfield_contains_required field_sublabel_below field_description_below hidden_label gfield_visibility_visible\"  data-js-reload=\"field_3_14\"><legend class='gfield_label gfield_label_before_complex'  >Consent<span class=\"gfield_required\"><span class=\"gfield_required gfield_required_asterisk\">*<\/span><\/span><\/legend><div class='ginput_container ginput_container_consent'><input name='input_14.1' id='input_3_14_1' type='checkbox' value='1'   aria-required=\"true\" aria-invalid=\"false\"   \/> <label class=\"gfield_consent_label\" for='input_3_14_1' >I have read and accept the <a href=\"https:\/\/www.accioeducacio.org\/politica-de-privacidad\">privacy policy<\/a> y <a href=\"https:\/\/www.accioeducacio.org\/aviso-legal\">legal notice<\/a><\/label><span class=\"gfield_required gfield_required_asterisk\">*<\/span><input type='hidden' name='input_14.2' value='I have read and accept the &lt;a href=&quot;https:\/\/www.accioeducacio.org\/politica-de-privacidad&quot;&gt;privacy policy&lt;\/a&gt; y &lt;a href=&quot;https:\/\/www.accioeducacio.org\/aviso-legal&quot;&gt;legal notice&lt;\/a&gt;' class='gform_hidden' \/><input type='hidden' name='input_14.3' value='3' class='gform_hidden' \/><\/div><\/fieldset><\/div><\/div>\n        <div class='gform_footer top_label'> <input type='submit' id='gform_submit_button_3' class='gform_button button' value='Send'  onclick='if(window[\"gf_submitting_3\"]){return false;}  if( !jQuery(\"#gform_3\")[0].checkValidity || jQuery(\"#gform_3\")[0].checkValidity()){window[\"gf_submitting_3\"]=true;}  ' onkeypress='if( event.keyCode == 13 ){ if(window[\"gf_submitting_3\"]){return false;} if( !jQuery(\"#gform_3\")[0].checkValidity || jQuery(\"#gform_3\")[0].checkValidity()){window[\"gf_submitting_3\"]=true;}  jQuery(\"#gform_3\").trigger(\"submit\",[true]); }' \/> <input type='hidden' name='gform_ajax' value='form_id=3&amp;title=&amp;description=&amp;tabindex=0' \/>\n            <input type='hidden' class='gform_hidden' name='is_submit_3' value='1' \/>\n            <input type='hidden' class='gform_hidden' name='gform_submit' value='3' \/>\n            \n            <input type='hidden' class='gform_hidden' name='gform_unique_id' value='' \/>\n            <input type='hidden' class='gform_hidden' name='state_3' value='WyJ7XCIxNVwiOltcImNlMTZjZjg0MjEwZTE3M2Q3MzY0MzczY2VmMTY3YWVhXCIsXCI5ZmU1M2Q1NzAzMTVmNjExMTI2Njg4MTA4NmZhZGRmOFwiLFwiNDA0YzJkN2FiNTYwYzk5ZThkMmFmODEwNTBkNmQ3NDhcIixcImZjNjI0MmZmMGEzZDlkY2UzY2NlZjY4MzU3ODZlMWZiXCIsXCJmZmIzNGZiN2U4ZGFiM2NlMjQxYTM5NmFhMTc1ZDcxN1wiLFwiZDE0Njk0YzRjYzk0ZWMwYjQ5OWY3MGMxNzYyZjZmZTVcIl0sXCIxNC4xXCI6XCI2OWY4YjVmNGU4NDYzMjhkM2Q3ZWJhZTU5OTU1MWMwY1wiLFwiMTQuMlwiOlwiOTI1ZGVhN2EyNTJlMmNiNjUxMmZlNDMxYzZlZmEyZWFcIixcIjE0LjNcIjpcImQ4NzA2OGVmMWYwZGI2ZDI3N2NmMzJmMTBmOTNkNzhlXCJ9IiwiNDFlMTNmZmIxOTE4ZDhjNjQxMjQ1NTkzMzk2MTI2ZjciXQ==' \/>\n            <input type='hidden' class='gform_hidden' name='gform_target_page_number_3' id='gform_target_page_number_3' value='0' \/>\n            <input type='hidden' class='gform_hidden' name='gform_source_page_number_3' id='gform_source_page_number_3' value='1' \/>\n            <input type='hidden' name='gform_field_values' value='' \/>\n            \n        <\/div>\n                        <\/form>\n                        <\/div>\n                <iframe style='display:none;width:0px;height:0px;' src='about:blank' name='gform_ajax_frame_3' id='gform_ajax_frame_3' title='This iframe contains the logic required to handle Ajax powered Gravity Forms.'><\/iframe>\n                <script type=\"text\/javascript\">\n\/* <![CDATA[ *\/\n gform.initializeOnLoaded( function() {gformInitSpinner( 3, 'https:\/\/www.accioeducacio.org\/wp-content\/plugins\/gravityforms\/images\/spinner.svg' );jQuery('#gform_ajax_frame_3').on('load',function(){var contents = jQuery(this).contents().find('*').html();var is_postback = contents.indexOf('GF_AJAX_POSTBACK') >= 0;if(!is_postback){return;}var form_content = jQuery(this).contents().find('#gform_wrapper_3');var is_confirmation = jQuery(this).contents().find('#gform_confirmation_wrapper_3').length > 0;var is_redirect = contents.indexOf('gformRedirect(){') >= 0;var is_form = form_content.length > 0 && ! is_redirect && ! is_confirmation;var mt = parseInt(jQuery('html').css('margin-top'), 10) + parseInt(jQuery('body').css('margin-top'), 10) + 100;if(is_form){jQuery('#gform_wrapper_3').html(form_content.html());if(form_content.hasClass('gform_validation_error')){jQuery('#gform_wrapper_3').addClass('gform_validation_error');} else {jQuery('#gform_wrapper_3').removeClass('gform_validation_error');}setTimeout( function() { \/* delay the scroll by 50 milliseconds to fix a bug in chrome *\/ jQuery(document).scrollTop(jQuery('#gform_wrapper_3').offset().top - mt); }, 50 );if(window['gformInitDatepicker']) {gformInitDatepicker();}if(window['gformInitPriceFields']) {gformInitPriceFields();}var current_page = jQuery('#gform_source_page_number_3').val();gformInitSpinner( 3, 'https:\/\/www.accioeducacio.org\/wp-content\/plugins\/gravityforms\/images\/spinner.svg' );jQuery(document).trigger('gform_page_loaded', [3, current_page]);window['gf_submitting_3'] = false;}else if(!is_redirect){var confirmation_content = jQuery(this).contents().find('.GF_AJAX_POSTBACK').html();if(!confirmation_content){confirmation_content = contents;}setTimeout(function(){jQuery('#gform_wrapper_3').replaceWith(confirmation_content);jQuery(document).scrollTop(jQuery('#gf_3').offset().top - mt);jQuery(document).trigger('gform_confirmation_loaded', [3]);window['gf_submitting_3'] = false;wp.a11y.speak(jQuery('#gform_confirmation_message_3').text());}, 50);}else{jQuery('#gform_3').append(contents);if(window['gformRedirect']) {gformRedirect();}}jQuery(document).trigger('gform_post_render', [3, current_page]);} );} ); \n\/* ]]> *\/\n<\/script>\n<\/div>\n\t\t\t\t<\/div>\n\t\t\t\t<\/div>\n\t\t\t\t\t<\/div>\n\t\t<\/div>\n\t\t\t\t\t<\/div>\n\t\t<\/section>\n\t\t\t\t<\/div>\n\t\t","protected":false},"excerpt":{"rendered":"<p>Form<\/p>\n","protected":false},"author":1,"featured_media":0,"parent":0,"menu_order":0,"comment_status":"closed","ping_status":"closed","template":"","meta":{"footnotes":""},"class_list":["post-741","page","type-page","status-publish","hentry"],"yoast_head":"<!-- This site is optimized with the Yoast SEO plugin v21.5 - https:\/\/yoast.com\/wordpress\/plugins\/seo\/ -->\n<title>Form - Acci\u00f3 per l&#039;educaci\u00f3<\/title>\n<meta name=\"robots\" content=\"index, follow, max-snippet:-1, max-image-preview:large, max-video-preview:-1\" \/>\n<link rel=\"canonical\" href=\"https:\/\/www.accioeducacio.org\/formulario\/\" \/>\n<meta property=\"og:locale\" content=\"en_US\" \/>\n<meta property=\"og:type\" content=\"article\" \/>\n<meta property=\"og:title\" content=\"Form - Acci\u00f3 per l&#039;educaci\u00f3\" \/>\n<meta property=\"og:description\" content=\"Form\" \/>\n<meta property=\"og:url\" content=\"https:\/\/www.accioeducacio.org\/formulario\/\" \/>\n<meta property=\"og:site_name\" content=\"Acci\u00f3 per l&#039;educaci\u00f3\" \/>\n<meta property=\"article:modified_time\" content=\"2023-07-26T13:13:58+00:00\" \/>\n<meta name=\"twitter:card\" content=\"summary_large_image\" \/>\n<meta name=\"twitter:label1\" content=\"Est. reading time\" \/>\n\t<meta name=\"twitter:data1\" content=\"1 minute\" \/>\n<script type=\"application\/ld+json\" class=\"yoast-schema-graph\">{\"@context\":\"https:\/\/schema.org\",\"@graph\":[{\"@type\":\"WebPage\",\"@id\":\"https:\/\/www.accioeducacio.org\/formulario\/\",\"url\":\"https:\/\/www.accioeducacio.org\/formulario\/\",\"name\":\"Form - Acci\u00f3 per l&#039;educaci\u00f3\",\"isPartOf\":{\"@id\":\"https:\/\/www.accioeducacio.org\/#website\"},\"datePublished\":\"2022-07-05T11:14:56+00:00\",\"dateModified\":\"2023-07-26T13:13:58+00:00\",\"breadcrumb\":{\"@id\":\"https:\/\/www.accioeducacio.org\/formulario\/#breadcrumb\"},\"inLanguage\":\"en-US\",\"potentialAction\":[{\"@type\":\"ReadAction\",\"target\":[\"https:\/\/www.accioeducacio.org\/formulario\/\"]}]},{\"@type\":\"BreadcrumbList\",\"@id\":\"https:\/\/www.accioeducacio.org\/formulario\/#breadcrumb\",\"itemListElement\":[{\"@type\":\"ListItem\",\"position\":1,\"name\":\"Home\",\"item\":\"https:\/\/www.accioeducacio.org\/\"},{\"@type\":\"ListItem\",\"position\":2,\"name\":\"Form\"}]},{\"@type\":\"WebSite\",\"@id\":\"https:\/\/www.accioeducacio.org\/#website\",\"url\":\"https:\/\/www.accioeducacio.org\/\",\"name\":\"Acci\u00f3 per l&#039;educaci\u00f3\",\"description\":\"Acci\u00f3 per leducaci\u00f3\",\"publisher\":{\"@id\":\"https:\/\/www.accioeducacio.org\/#organization\"},\"potentialAction\":[{\"@type\":\"SearchAction\",\"target\":{\"@type\":\"EntryPoint\",\"urlTemplate\":\"https:\/\/www.accioeducacio.org\/?s={search_term_string}\"},\"query-input\":\"required name=search_term_string\"}],\"inLanguage\":\"en-US\"},{\"@type\":\"Organization\",\"@id\":\"https:\/\/www.accioeducacio.org\/#organization\",\"name\":\"Acci\u00f3 per l&#039;educaci\u00f3\",\"url\":\"https:\/\/www.accioeducacio.org\/\",\"logo\":{\"@type\":\"ImageObject\",\"inLanguage\":\"en-US\",\"@id\":\"https:\/\/www.accioeducacio.org\/#\/schema\/logo\/image\/\",\"url\":\"https:\/\/www.accioeducacio.org\/wp-content\/uploads\/2022\/06\/logo_header.jpg\",\"contentUrl\":\"https:\/\/www.accioeducacio.org\/wp-content\/uploads\/2022\/06\/logo_header.jpg\",\"width\":269,\"height\":59,\"caption\":\"Acci\u00f3 per l&#039;educaci\u00f3\"},\"image\":{\"@id\":\"https:\/\/www.accioeducacio.org\/#\/schema\/logo\/image\/\"}}]}<\/script>\n<!-- \/ Yoast SEO plugin. -->","yoast_head_json":{"title":"Form - Acci\u00f3 per l&#039;educaci\u00f3","robots":{"index":"index","follow":"follow","max-snippet":"max-snippet:-1","max-image-preview":"max-image-preview:large","max-video-preview":"max-video-preview:-1"},"canonical":"https:\/\/www.accioeducacio.org\/formulario\/","og_locale":"en_US","og_type":"article","og_title":"Form - Acci\u00f3 per l&#039;educaci\u00f3","og_description":"Form","og_url":"https:\/\/www.accioeducacio.org\/formulario\/","og_site_name":"Acci\u00f3 per l&#039;educaci\u00f3","article_modified_time":"2023-07-26T13:13:58+00:00","twitter_card":"summary_large_image","twitter_misc":{"Est. reading time":"1 minute"},"schema":{"@context":"https:\/\/schema.org","@graph":[{"@type":"WebPage","@id":"https:\/\/www.accioeducacio.org\/formulario\/","url":"https:\/\/www.accioeducacio.org\/formulario\/","name":"Form - Acci\u00f3 per l&#039;educaci\u00f3","isPartOf":{"@id":"https:\/\/www.accioeducacio.org\/#website"},"datePublished":"2022-07-05T11:14:56+00:00","dateModified":"2023-07-26T13:13:58+00:00","breadcrumb":{"@id":"https:\/\/www.accioeducacio.org\/formulario\/#breadcrumb"},"inLanguage":"en-US","potentialAction":[{"@type":"ReadAction","target":["https:\/\/www.accioeducacio.org\/formulario\/"]}]},{"@type":"BreadcrumbList","@id":"https:\/\/www.accioeducacio.org\/formulario\/#breadcrumb","itemListElement":[{"@type":"ListItem","position":1,"name":"Home","item":"https:\/\/www.accioeducacio.org\/"},{"@type":"ListItem","position":2,"name":"Form"}]},{"@type":"WebSite","@id":"https:\/\/www.accioeducacio.org\/#website","url":"https:\/\/www.accioeducacio.org\/","name":"Acci\u00f3 per l&#039;educaci\u00f3","description":"Acci\u00f3 per leducaci\u00f3","publisher":{"@id":"https:\/\/www.accioeducacio.org\/#organization"},"potentialAction":[{"@type":"SearchAction","target":{"@type":"EntryPoint","urlTemplate":"https:\/\/www.accioeducacio.org\/?s={search_term_string}"},"query-input":"required name=search_term_string"}],"inLanguage":"en-US"},{"@type":"Organization","@id":"https:\/\/www.accioeducacio.org\/#organization","name":"Acci\u00f3 per l&#039;educaci\u00f3","url":"https:\/\/www.accioeducacio.org\/","logo":{"@type":"ImageObject","inLanguage":"en-US","@id":"https:\/\/www.accioeducacio.org\/#\/schema\/logo\/image\/","url":"https:\/\/www.accioeducacio.org\/wp-content\/uploads\/2022\/06\/logo_header.jpg","contentUrl":"https:\/\/www.accioeducacio.org\/wp-content\/uploads\/2022\/06\/logo_header.jpg","width":269,"height":59,"caption":"Acci\u00f3 per l&#039;educaci\u00f3"},"image":{"@id":"https:\/\/www.accioeducacio.org\/#\/schema\/logo\/image\/"}}]}},"_links":{"self":[{"href":"https:\/\/www.accioeducacio.org\/en\/wp-json\/wp\/v2\/pages\/741","targetHints":{"allow":["GET"]}}],"collection":[{"href":"https:\/\/www.accioeducacio.org\/en\/wp-json\/wp\/v2\/pages"}],"about":[{"href":"https:\/\/www.accioeducacio.org\/en\/wp-json\/wp\/v2\/types\/page"}],"author":[{"embeddable":true,"href":"https:\/\/www.accioeducacio.org\/en\/wp-json\/wp\/v2\/users\/1"}],"replies":[{"embeddable":true,"href":"https:\/\/www.accioeducacio.org\/en\/wp-json\/wp\/v2\/comments?post=741"}],"version-history":[{"count":7,"href":"https:\/\/www.accioeducacio.org\/en\/wp-json\/wp\/v2\/pages\/741\/revisions"}],"predecessor-version":[{"id":1035,"href":"https:\/\/www.accioeducacio.org\/en\/wp-json\/wp\/v2\/pages\/741\/revisions\/1035"}],"wp:attachment":[{"href":"https:\/\/www.accioeducacio.org\/en\/wp-json\/wp\/v2\/media?parent=741"}],"curies":[{"name":"wp","href":"https:\/\/api.w.org\/{rel}","templated":true}]}}