{"id":799,"date":"2022-06-29T15:49:16","date_gmt":"2022-06-29T15:49:16","guid":{"rendered":"https:\/\/www.accioeducacio.org\/projectes\/europa\/"},"modified":"2022-07-12T12:53:16","modified_gmt":"2022-07-12T12:53:16","slug":"europa","status":"publish","type":"page","link":"https:\/\/www.accioeducacio.org\/ca\/projectes\/europa\/","title":{"rendered":"Europa"},"content":{"rendered":"\t\t<div data-elementor-type=\"wp-page\" data-elementor-id=\"799\" class=\"elementor elementor-799\" data-elementor-post-type=\"page\">\n\t\t\t\t\t\t<section class=\"elementor-section elementor-top-section elementor-element elementor-element-8820a8b elementor-section-full_width elementor-reverse-mobile elementor-reverse-tablet elementor-section-height-min-height elementor-section-items-stretch elementor-section-height-default\" data-id=\"8820a8b\" data-element_type=\"section\" data-settings=\"{&quot;jet_parallax_layout_list&quot;:[]}\">\n\t\t\t\t\t\t<div class=\"elementor-container elementor-column-gap-default\">\n\t\t\t\t\t<div class=\"elementor-column elementor-col-50 elementor-top-column elementor-element elementor-element-179c23e\" data-id=\"179c23e\" data-element_type=\"column\" data-settings=\"{&quot;background_background&quot;:&quot;classic&quot;}\">\n\t\t\t<div class=\"elementor-widget-wrap elementor-element-populated\">\n\t\t\t\t\t\t<div class=\"elementor-element elementor-element-3c908d4 elementor-widget elementor-widget-heading\" data-id=\"3c908d4\" data-element_type=\"widget\" data-widget_type=\"heading.default\">\n\t\t\t\t<div class=\"elementor-widget-container\">\n\t\t\t<h2 class=\"elementor-heading-title elementor-size-default\">2021<\/h2>\t\t<\/div>\n\t\t\t\t<\/div>\n\t\t\t\t<div class=\"elementor-element elementor-element-e976478 elementor-widget elementor-widget-heading\" data-id=\"e976478\" data-element_type=\"widget\" data-widget_type=\"heading.default\">\n\t\t\t\t<div class=\"elementor-widget-container\">\n\t\t\t<h1 class=\"elementor-heading-title elementor-size-default\">Europa<\/h1>\t\t<\/div>\n\t\t\t\t<\/div>\n\t\t\t\t<section class=\"elementor-section elementor-inner-section elementor-element elementor-element-6b16df7 elementor-section-content-middle elementor-section-boxed elementor-section-height-default elementor-section-height-default\" data-id=\"6b16df7\" data-element_type=\"section\" data-settings=\"{&quot;jet_parallax_layout_list&quot;:[]}\">\n\t\t\t\t\t\t<div class=\"elementor-container elementor-column-gap-default\">\n\t\t\t\t\t<div class=\"elementor-column elementor-col-50 elementor-inner-column elementor-element elementor-element-00f6b50\" data-id=\"00f6b50\" data-element_type=\"column\">\n\t\t\t<div class=\"elementor-widget-wrap elementor-element-populated\">\n\t\t\t\t\t\t<div class=\"elementor-element elementor-element-347c38b elementor-widget elementor-widget-button\" data-id=\"347c38b\" data-element_type=\"widget\" data-widget_type=\"button.default\">\n\t\t\t\t<div class=\"elementor-widget-container\">\n\t\t\t\t\t\t\t<div class=\"elementor-button-wrapper\">\n\t\t\t\t\t<a class=\"elementor-button elementor-button-link elementor-size-md\" href=\"https:\/\/www.accioeducacio.org\/wp-content\/uploads\/2022\/06\/Schools_project_in_Europe.pdf\" target=\"_blank\" rel=\"nofollow\">\n\t\t\t\t\t\t<span class=\"elementor-button-content-wrapper\">\n\t\t\t\t\t\t\t\t\t<span class=\"elementor-button-text\"> VEURE<\/span>\n\t\t\t\t\t<\/span>\n\t\t\t\t\t<\/a>\n\t\t\t\t<\/div>\n\t\t\t\t\t\t<\/div>\n\t\t\t\t<\/div>\n\t\t\t\t\t<\/div>\n\t\t<\/div>\n\t\t\t\t<div class=\"elementor-column elementor-col-50 elementor-inner-column elementor-element elementor-element-fefe679\" data-id=\"fefe679\" data-element_type=\"column\">\n\t\t\t<div class=\"elementor-widget-wrap elementor-element-populated\">\n\t\t\t\t\t\t<div class=\"elementor-element elementor-element-9fa134a elementor-widget elementor-widget-text-editor\" data-id=\"9fa134a\" data-element_type=\"widget\" data-widget_type=\"text-editor.default\">\n\t\t\t\t<div class=\"elementor-widget-container\">\n\t\t\t\t\t\t\t<p>Schools Project in Europe<\/p>\t\t\t\t\t\t<\/div>\n\t\t\t\t<\/div>\n\t\t\t\t\t<\/div>\n\t\t<\/div>\n\t\t\t\t\t<\/div>\n\t\t<\/section>\n\t\t\t\t<div class=\"elementor-element elementor-element-6283160 elementor-widget elementor-widget-button\" data-id=\"6283160\" data-element_type=\"widget\" data-widget_type=\"button.default\">\n\t\t\t\t<div class=\"elementor-widget-container\">\n\t\t\t\t\t\t\t<div class=\"elementor-button-wrapper\">\n\t\t\t\t\t<a class=\"elementor-button elementor-button-link elementor-size-md\" href=\"https:\/\/www.accioeducacio.org\/ca\/dona\/\">\n\t\t\t\t\t\t<span class=\"elementor-button-content-wrapper\">\n\t\t\t\t\t\t\t\t\t<span class=\"elementor-button-text\">COL\u00b7LABORA<\/span>\n\t\t\t\t\t<\/span>\n\t\t\t\t\t<\/a>\n\t\t\t\t<\/div>\n\t\t\t\t\t\t<\/div>\n\t\t\t\t<\/div>\n\t\t\t\t\t<\/div>\n\t\t<\/div>\n\t\t\t\t<div class=\"elementor-column elementor-col-50 elementor-top-column elementor-element elementor-element-a6584cb\" data-id=\"a6584cb\" data-element_type=\"column\" data-settings=\"{&quot;background_background&quot;:&quot;classic&quot;}\">\n\t\t\t<div class=\"elementor-widget-wrap elementor-element-populated\">\n\t\t\t\t\t\t<div class=\"elementor-element elementor-element-4c26291 elementor-widget elementor-widget-spacer\" data-id=\"4c26291\" data-element_type=\"widget\" data-widget_type=\"spacer.default\">\n\t\t\t\t<div class=\"elementor-widget-container\">\n\t\t\t\t\t<div class=\"elementor-spacer\">\n\t\t\t<div class=\"elementor-spacer-inner\"><\/div>\n\t\t<\/div>\n\t\t\t\t<\/div>\n\t\t\t\t<\/div>\n\t\t\t\t\t<\/div>\n\t\t<\/div>\n\t\t\t\t\t<\/div>\n\t\t<\/section>\n\t\t\t\t<section class=\"elementor-section elementor-top-section elementor-element elementor-element-cab72de elementor-section-boxed elementor-section-height-default elementor-section-height-default\" data-id=\"cab72de\" data-element_type=\"section\" data-settings=\"{&quot;jet_parallax_layout_list&quot;:[]}\">\n\t\t\t\t\t\t<div class=\"elementor-container elementor-column-gap-default\">\n\t\t\t\t\t<div class=\"elementor-column elementor-col-100 elementor-top-column elementor-element elementor-element-e339ad8\" data-id=\"e339ad8\" data-element_type=\"column\">\n\t\t\t<div class=\"elementor-widget-wrap elementor-element-populated\">\n\t\t\t\t\t\t<div class=\"elementor-element elementor-element-7f182ca elementor-widget elementor-widget-heading\" data-id=\"7f182ca\" data-element_type=\"widget\" data-widget_type=\"heading.default\">\n\t\t\t\t<div class=\"elementor-widget-container\">\n\t\t\t<h2 class=\"elementor-heading-title elementor-size-default\">EUROPA<\/h2>\t\t<\/div>\n\t\t\t\t<\/div>\n\t\t\t\t<div class=\"elementor-element elementor-element-2f10c36 elementor-widget elementor-widget-image\" data-id=\"2f10c36\" data-element_type=\"widget\" data-widget_type=\"image.default\">\n\t\t\t\t<div class=\"elementor-widget-container\">\n\t\t\t\t\t\t\t\t\t\t\t\t\t<img fetchpriority=\"high\" decoding=\"async\" width=\"1254\" height=\"1005\" src=\"https:\/\/www.accioeducacio.org\/wp-content\/uploads\/2022\/07\/grafico_proyectos_2.jpg\" class=\"attachment-full size-full wp-image-470\" alt=\"\" srcset=\"https:\/\/www.accioeducacio.org\/wp-content\/uploads\/2022\/07\/grafico_proyectos_2.jpg 1254w, https:\/\/www.accioeducacio.org\/wp-content\/uploads\/2022\/07\/grafico_proyectos_2-300x240.jpg 300w, https:\/\/www.accioeducacio.org\/wp-content\/uploads\/2022\/07\/grafico_proyectos_2-1024x821.jpg 1024w, https:\/\/www.accioeducacio.org\/wp-content\/uploads\/2022\/07\/grafico_proyectos_2-768x616.jpg 768w\" sizes=\"(max-width: 1254px) 100vw, 1254px\" \/>\t\t\t\t\t\t\t\t\t\t\t\t\t<\/div>\n\t\t\t\t<\/div>\n\t\t\t\t\t<\/div>\n\t\t<\/div>\n\t\t\t\t\t<\/div>\n\t\t<\/section>\n\t\t\t\t<section class=\"elementor-section elementor-top-section elementor-element elementor-element-3b6ce66 elementor-section-boxed elementor-section-height-default elementor-section-height-default\" data-id=\"3b6ce66\" data-element_type=\"section\" data-settings=\"{&quot;jet_parallax_layout_list&quot;:[]}\">\n\t\t\t\t\t\t<div class=\"elementor-container elementor-column-gap-default\">\n\t\t\t\t\t<div class=\"elementor-column elementor-col-100 elementor-top-column elementor-element elementor-element-8dada72\" data-id=\"8dada72\" data-element_type=\"column\">\n\t\t\t<div class=\"elementor-widget-wrap elementor-element-populated\">\n\t\t\t\t\t\t<div class=\"elementor-element elementor-element-284bc13 elementor-widget elementor-widget-shortcode\" data-id=\"284bc13\" data-element_type=\"widget\" data-widget_type=\"shortcode.default\">\n\t\t\t\t<div class=\"elementor-widget-container\">\n\t\t\t\t\t<div class=\"elementor-shortcode\"><div id=\"tablepress-16-scroll-wrapper\" class=\"tablepress-scroll-wrapper\">\n\n<table id=\"tablepress-16\" class=\"tablepress tablepress-id-16 tablepress-responsive tbody-has-connected-cells\">\n<tbody class=\"row-striping row-hover\">\n<tr class=\"row-1\">\n\t<td class=\"column-1\"><\/td><td class=\"column-2\"><\/td><td class=\"column-3\"><\/td><td class=\"column-4\"><\/td><td class=\"column-5\"><\/td><td class=\"column-6\"><\/td>\n<\/tr>\n<tr class=\"row-2\">\n\t<td class=\"column-1\"><\/td><td colspan=\"2\" class=\"column-2\"><center>PROJECTE<\/center><\/td><td colspan=\"3\" class=\"column-4\"><center>CURS 2021-2022<\/center><\/td>\n<\/tr>\n<tr class=\"row-3\">\n\t<td class=\"column-1\"><\/td><td class=\"column-2\">Escoles <\/td><td class=\"column-3\">Escoles Infantils <\/td><td class=\"column-4\">Escoles <\/td><td class=\"column-5\">Escoles Infantils <\/td><td class=\"column-6\">N\u00ba alumnes<\/td>\n<\/tr>\n<tr class=\"row-4\">\n\t<td class=\"column-1\">POL\u00d2NIA<\/td><td class=\"column-2\">52<\/td><td class=\"column-3\">32<\/td><td class=\"column-4\">29<\/td><td class=\"column-5\">26<\/td><td class=\"column-6\">8300<\/td>\n<\/tr>\n<tr class=\"row-5\">\n\t<td class=\"column-1\">REP. TXECA<\/td><td class=\"column-2\">20<\/td><td class=\"column-3\">12<\/td><td class=\"column-4\">4<\/td><td class=\"column-5\">5<\/td><td class=\"column-6\">950<\/td>\n<\/tr>\n<tr class=\"row-6\">\n\t<td class=\"column-1\">ESLOV\u00c0QUIA<\/td><td class=\"column-2\">10<\/td><td class=\"column-3\">5<\/td><td class=\"column-4\">0<\/td><td class=\"column-5\">2<\/td><td class=\"column-6\">100<\/td>\n<\/tr>\n<tr class=\"row-7\">\n\t<td class=\"column-1\">\u00c0USTRIA<\/td><td class=\"column-2\">8<\/td><td class=\"column-3\">5<\/td><td class=\"column-4\">3<\/td><td class=\"column-5\">3<\/td><td class=\"column-6\">520<\/td>\n<\/tr>\n<tr class=\"row-8\">\n\t<td class=\"column-1\">HONGRIA <\/td><td class=\"column-2\">8<\/td><td class=\"column-3\">4<\/td><td class=\"column-4\">1<\/td><td class=\"column-5\">2<\/td><td class=\"column-6\">180<\/td>\n<\/tr>\n<tr class=\"row-9\">\n\t<td class=\"column-1\">CRO\u00c0CIA<\/td><td class=\"column-2\">16<\/td><td class=\"column-3\">8<\/td><td class=\"column-4\">2<\/td><td class=\"column-5\">3<\/td><td class=\"column-6\">850<\/td>\n<\/tr>\n<tr class=\"row-10\">\n\t<td class=\"column-1\">LITU\u00c0NIA<\/td><td class=\"column-2\">8<\/td><td class=\"column-3\">4<\/td><td class=\"column-4\">1<\/td><td class=\"column-5\">1<\/td><td class=\"column-6\">240<\/td>\n<\/tr>\n<tr class=\"row-11\">\n\t<td class=\"column-1\">SU\u00c8CIA<\/td><td class=\"column-2\">4<\/td><td class=\"column-3\">2<\/td><td class=\"column-4\">0<\/td><td class=\"column-5\">1<\/td><td class=\"column-6\">40<\/td>\n<\/tr>\n<\/tbody>\n<\/table>\n\n<\/div><!-- #tablepress-16 from cache --><\/div>\n\t\t\t\t<\/div>\n\t\t\t\t<\/div>\n\t\t\t\t\t<\/div>\n\t\t<\/div>\n\t\t\t\t\t<\/div>\n\t\t<\/section>\n\t\t\t\t<section class=\"elementor-section elementor-top-section elementor-element elementor-element-59234a2 elementor-section-full_width elementor-section-height-default elementor-section-height-default\" data-id=\"59234a2\" data-element_type=\"section\" data-settings=\"{&quot;jet_parallax_layout_list&quot;:[]}\">\n\t\t\t\t\t\t<div class=\"elementor-container elementor-column-gap-default\">\n\t\t\t\t\t<div class=\"elementor-column elementor-col-50 elementor-top-column elementor-element elementor-element-80c6d17\" data-id=\"80c6d17\" data-element_type=\"column\" data-settings=\"{&quot;background_background&quot;:&quot;classic&quot;}\">\n\t\t\t<div class=\"elementor-widget-wrap elementor-element-populated\">\n\t\t\t\t\t\t<div class=\"elementor-element elementor-element-0d7925a elementor-widget elementor-widget-spacer\" data-id=\"0d7925a\" data-element_type=\"widget\" data-widget_type=\"spacer.default\">\n\t\t\t\t<div class=\"elementor-widget-container\">\n\t\t\t\t\t<div class=\"elementor-spacer\">\n\t\t\t<div class=\"elementor-spacer-inner\"><\/div>\n\t\t<\/div>\n\t\t\t\t<\/div>\n\t\t\t\t<\/div>\n\t\t\t\t\t<\/div>\n\t\t<\/div>\n\t\t\t\t<div class=\"elementor-column elementor-col-50 elementor-top-column elementor-element elementor-element-2144b95\" data-id=\"2144b95\" data-element_type=\"column\" data-settings=\"{&quot;background_background&quot;:&quot;classic&quot;}\">\n\t\t\t<div class=\"elementor-widget-wrap elementor-element-populated\">\n\t\t\t\t\t\t<div class=\"elementor-element elementor-element-b96cfd2 elementor-widget elementor-widget-heading\" data-id=\"b96cfd2\" data-element_type=\"widget\" data-widget_type=\"heading.default\">\n\t\t\t\t<div class=\"elementor-widget-container\">\n\t\t\t<h2 class=\"elementor-heading-title elementor-size-default\">MILLORAR L'EDUCACI\u00d3 PER CANVIAR EL M\u00d3N<\/h2>\t\t<\/div>\n\t\t\t\t<\/div>\n\t\t\t\t<div class=\"elementor-element elementor-element-04edf93 elementor-widget elementor-widget-text-editor\" data-id=\"04edf93\" data-element_type=\"widget\" data-widget_type=\"text-editor.default\">\n\t\t\t\t<div class=\"elementor-widget-container\">\n\t\t\t\t\t\t\t<p class=\"p1\">Un servei a la societat mitjan\u00e7ant la promoci\u00f3 universal de l\u2019educaci\u00f3 de les persones a tot el m\u00f3n.<\/p>\t\t\t\t\t\t<\/div>\n\t\t\t\t<\/div>\n\t\t\t\t<div class=\"elementor-element elementor-element-722f8ae elementor-widget elementor-widget-button\" data-id=\"722f8ae\" data-element_type=\"widget\" data-widget_type=\"button.default\">\n\t\t\t\t<div class=\"elementor-widget-container\">\n\t\t\t\t\t\t\t<div class=\"elementor-button-wrapper\">\n\t\t\t\t\t<a class=\"elementor-button elementor-button-link elementor-size-md\" href=\"https:\/\/www.accioeducacio.org\/ca\/dona\/\">\n\t\t\t\t\t\t<span class=\"elementor-button-content-wrapper\">\n\t\t\t\t\t\t\t\t\t<span class=\"elementor-button-text\">COL\u00b7LABORA<\/span>\n\t\t\t\t\t<\/span>\n\t\t\t\t\t<\/a>\n\t\t\t\t<\/div>\n\t\t\t\t\t\t<\/div>\n\t\t\t\t<\/div>\n\t\t\t\t\t<\/div>\n\t\t<\/div>\n\t\t\t\t\t<\/div>\n\t\t<\/section>\n\t\t\t\t<\/div>\n\t\t","protected":false},"excerpt":{"rendered":"<p>2021 Europa VEURE Schools Project in Europe COL\u00b7LABORA EUROPA MILLORAR L&#8217;EDUCACI\u00d3 PER CANVIAR EL M\u00d3N Un servei a la societat mitjan\u00e7ant la promoci\u00f3 universal de l\u2019educaci\u00f3 de les persones a tot el m\u00f3n. COL\u00b7LABORA<\/p>\n","protected":false},"author":1,"featured_media":0,"parent":783,"menu_order":0,"comment_status":"closed","ping_status":"closed","template":"","meta":{"footnotes":""},"class_list":["post-799","page","type-page","status-publish","hentry"],"yoast_head":"<!-- This site is optimized with the Yoast SEO plugin v21.5 - https:\/\/yoast.com\/wordpress\/plugins\/seo\/ -->\n<title>Europa - Acci\u00f3 per l&#039;educaci\u00f3<\/title>\n<meta name=\"robots\" content=\"index, follow, max-snippet:-1, max-image-preview:large, max-video-preview:-1\" \/>\n<link rel=\"canonical\" href=\"https:\/\/www.accioeducacio.org\/proyectos\/europa\/\" \/>\n<meta property=\"og:locale\" content=\"ca_ES\" \/>\n<meta property=\"og:type\" content=\"article\" \/>\n<meta property=\"og:title\" content=\"Europa - Acci\u00f3 per l&#039;educaci\u00f3\" \/>\n<meta property=\"og:description\" content=\"2021 Europa VEURE Schools Project in Europe COL\u00b7LABORA EUROPA MILLORAR L&#8217;EDUCACI\u00d3 PER CANVIAR EL M\u00d3N Un servei a la societat mitjan\u00e7ant la promoci\u00f3 universal de l\u2019educaci\u00f3 de les persones a tot el m\u00f3n. COL\u00b7LABORA\" \/>\n<meta property=\"og:url\" content=\"https:\/\/www.accioeducacio.org\/proyectos\/europa\/\" \/>\n<meta property=\"og:site_name\" content=\"Acci\u00f3 per l&#039;educaci\u00f3\" \/>\n<meta property=\"article:modified_time\" content=\"2022-07-12T12:53:16+00:00\" \/>\n<meta property=\"og:image\" content=\"https:\/\/www.accioeducacio.org\/wp-content\/uploads\/2022\/07\/grafico_proyectos_2.jpg\" \/>\n<meta name=\"twitter:card\" content=\"summary_large_image\" \/>\n<script type=\"application\/ld+json\" class=\"yoast-schema-graph\">{\"@context\":\"https:\/\/schema.org\",\"@graph\":[{\"@type\":\"WebPage\",\"@id\":\"https:\/\/www.accioeducacio.org\/proyectos\/europa\/\",\"url\":\"https:\/\/www.accioeducacio.org\/proyectos\/europa\/\",\"name\":\"Europa - Acci\u00f3 per l&#039;educaci\u00f3\",\"isPartOf\":{\"@id\":\"https:\/\/www.accioeducacio.org\/#website\"},\"datePublished\":\"2022-06-29T15:49:16+00:00\",\"dateModified\":\"2022-07-12T12:53:16+00:00\",\"breadcrumb\":{\"@id\":\"https:\/\/www.accioeducacio.org\/proyectos\/europa\/#breadcrumb\"},\"inLanguage\":\"ca\",\"potentialAction\":[{\"@type\":\"ReadAction\",\"target\":[\"https:\/\/www.accioeducacio.org\/proyectos\/europa\/\"]}]},{\"@type\":\"BreadcrumbList\",\"@id\":\"https:\/\/www.accioeducacio.org\/proyectos\/europa\/#breadcrumb\",\"itemListElement\":[{\"@type\":\"ListItem\",\"position\":1,\"name\":\"Home\",\"item\":\"https:\/\/www.accioeducacio.org\/\"},{\"@type\":\"ListItem\",\"position\":2,\"name\":\"Projectes\",\"item\":\"https:\/\/www.accioeducacio.org\/proyectos\/\"},{\"@type\":\"ListItem\",\"position\":3,\"name\":\"Europa\"}]},{\"@type\":\"WebSite\",\"@id\":\"https:\/\/www.accioeducacio.org\/#website\",\"url\":\"https:\/\/www.accioeducacio.org\/\",\"name\":\"Acci\u00f3 per l&#039;educaci\u00f3\",\"description\":\"Acci\u00f3 per leducaci\u00f3\",\"publisher\":{\"@id\":\"https:\/\/www.accioeducacio.org\/#organization\"},\"potentialAction\":[{\"@type\":\"SearchAction\",\"target\":{\"@type\":\"EntryPoint\",\"urlTemplate\":\"https:\/\/www.accioeducacio.org\/?s={search_term_string}\"},\"query-input\":\"required name=search_term_string\"}],\"inLanguage\":\"ca\"},{\"@type\":\"Organization\",\"@id\":\"https:\/\/www.accioeducacio.org\/#organization\",\"name\":\"Acci\u00f3 per l&#039;educaci\u00f3\",\"url\":\"https:\/\/www.accioeducacio.org\/\",\"logo\":{\"@type\":\"ImageObject\",\"inLanguage\":\"ca\",\"@id\":\"https:\/\/www.accioeducacio.org\/#\/schema\/logo\/image\/\",\"url\":\"https:\/\/www.accioeducacio.org\/wp-content\/uploads\/2022\/06\/logo_header.jpg\",\"contentUrl\":\"https:\/\/www.accioeducacio.org\/wp-content\/uploads\/2022\/06\/logo_header.jpg\",\"width\":269,\"height\":59,\"caption\":\"Acci\u00f3 per l&#039;educaci\u00f3\"},\"image\":{\"@id\":\"https:\/\/www.accioeducacio.org\/#\/schema\/logo\/image\/\"}}]}<\/script>\n<!-- \/ Yoast SEO plugin. -->","yoast_head_json":{"title":"Europa - Acci\u00f3 per l&#039;educaci\u00f3","robots":{"index":"index","follow":"follow","max-snippet":"max-snippet:-1","max-image-preview":"max-image-preview:large","max-video-preview":"max-video-preview:-1"},"canonical":"https:\/\/www.accioeducacio.org\/proyectos\/europa\/","og_locale":"ca_ES","og_type":"article","og_title":"Europa - Acci\u00f3 per l&#039;educaci\u00f3","og_description":"2021 Europa VEURE Schools Project in Europe COL\u00b7LABORA EUROPA MILLORAR L&#8217;EDUCACI\u00d3 PER CANVIAR EL M\u00d3N Un servei a la societat mitjan\u00e7ant la promoci\u00f3 universal de l\u2019educaci\u00f3 de les persones a tot el m\u00f3n. COL\u00b7LABORA","og_url":"https:\/\/www.accioeducacio.org\/proyectos\/europa\/","og_site_name":"Acci\u00f3 per l&#039;educaci\u00f3","article_modified_time":"2022-07-12T12:53:16+00:00","og_image":[{"url":"https:\/\/www.accioeducacio.org\/wp-content\/uploads\/2022\/07\/grafico_proyectos_2.jpg"}],"twitter_card":"summary_large_image","schema":{"@context":"https:\/\/schema.org","@graph":[{"@type":"WebPage","@id":"https:\/\/www.accioeducacio.org\/proyectos\/europa\/","url":"https:\/\/www.accioeducacio.org\/proyectos\/europa\/","name":"Europa - Acci\u00f3 per l&#039;educaci\u00f3","isPartOf":{"@id":"https:\/\/www.accioeducacio.org\/#website"},"datePublished":"2022-06-29T15:49:16+00:00","dateModified":"2022-07-12T12:53:16+00:00","breadcrumb":{"@id":"https:\/\/www.accioeducacio.org\/proyectos\/europa\/#breadcrumb"},"inLanguage":"ca","potentialAction":[{"@type":"ReadAction","target":["https:\/\/www.accioeducacio.org\/proyectos\/europa\/"]}]},{"@type":"BreadcrumbList","@id":"https:\/\/www.accioeducacio.org\/proyectos\/europa\/#breadcrumb","itemListElement":[{"@type":"ListItem","position":1,"name":"Home","item":"https:\/\/www.accioeducacio.org\/"},{"@type":"ListItem","position":2,"name":"Projectes","item":"https:\/\/www.accioeducacio.org\/proyectos\/"},{"@type":"ListItem","position":3,"name":"Europa"}]},{"@type":"WebSite","@id":"https:\/\/www.accioeducacio.org\/#website","url":"https:\/\/www.accioeducacio.org\/","name":"Acci\u00f3 per l&#039;educaci\u00f3","description":"Acci\u00f3 per leducaci\u00f3","publisher":{"@id":"https:\/\/www.accioeducacio.org\/#organization"},"potentialAction":[{"@type":"SearchAction","target":{"@type":"EntryPoint","urlTemplate":"https:\/\/www.accioeducacio.org\/?s={search_term_string}"},"query-input":"required name=search_term_string"}],"inLanguage":"ca"},{"@type":"Organization","@id":"https:\/\/www.accioeducacio.org\/#organization","name":"Acci\u00f3 per l&#039;educaci\u00f3","url":"https:\/\/www.accioeducacio.org\/","logo":{"@type":"ImageObject","inLanguage":"ca","@id":"https:\/\/www.accioeducacio.org\/#\/schema\/logo\/image\/","url":"https:\/\/www.accioeducacio.org\/wp-content\/uploads\/2022\/06\/logo_header.jpg","contentUrl":"https:\/\/www.accioeducacio.org\/wp-content\/uploads\/2022\/06\/logo_header.jpg","width":269,"height":59,"caption":"Acci\u00f3 per l&#039;educaci\u00f3"},"image":{"@id":"https:\/\/www.accioeducacio.org\/#\/schema\/logo\/image\/"}}]}},"_links":{"self":[{"href":"https:\/\/www.accioeducacio.org\/ca\/wp-json\/wp\/v2\/pages\/799","targetHints":{"allow":["GET"]}}],"collection":[{"href":"https:\/\/www.accioeducacio.org\/ca\/wp-json\/wp\/v2\/pages"}],"about":[{"href":"https:\/\/www.accioeducacio.org\/ca\/wp-json\/wp\/v2\/types\/page"}],"author":[{"embeddable":true,"href":"https:\/\/www.accioeducacio.org\/ca\/wp-json\/wp\/v2\/users\/1"}],"replies":[{"embeddable":true,"href":"https:\/\/www.accioeducacio.org\/ca\/wp-json\/wp\/v2\/comments?post=799"}],"version-history":[{"count":3,"href":"https:\/\/www.accioeducacio.org\/ca\/wp-json\/wp\/v2\/pages\/799\/revisions"}],"predecessor-version":[{"id":876,"href":"https:\/\/www.accioeducacio.org\/ca\/wp-json\/wp\/v2\/pages\/799\/revisions\/876"}],"up":[{"embeddable":true,"href":"https:\/\/www.accioeducacio.org\/ca\/wp-json\/wp\/v2\/pages\/783"}],"wp:attachment":[{"href":"https:\/\/www.accioeducacio.org\/ca\/wp-json\/wp\/v2\/media?parent=799"}],"curies":[{"name":"wp","href":"https:\/\/api.w.org\/{rel}","templated":true}]}}