{"id":795,"date":"2022-06-29T09:23:09","date_gmt":"2022-06-29T09:23:09","guid":{"rendered":"https:\/\/www.accioeducacio.org\/projectes\/costa-divori\/"},"modified":"2022-07-12T12:51:20","modified_gmt":"2022-07-12T12:51:20","slug":"costa-divori","status":"publish","type":"page","link":"https:\/\/www.accioeducacio.org\/ca\/projectes\/costa-divori\/","title":{"rendered":"Costa d\u2019Ivori"},"content":{"rendered":"\t\t<div data-elementor-type=\"wp-page\" data-elementor-id=\"795\" class=\"elementor elementor-795\" data-elementor-post-type=\"page\">\n\t\t\t\t\t\t<section class=\"elementor-section elementor-top-section elementor-element elementor-element-23bdf37 elementor-section-full_width elementor-reverse-mobile elementor-reverse-tablet elementor-section-height-min-height elementor-section-items-stretch elementor-section-height-default\" data-id=\"23bdf37\" data-element_type=\"section\" data-settings=\"{&quot;jet_parallax_layout_list&quot;:[]}\">\n\t\t\t\t\t\t<div class=\"elementor-container elementor-column-gap-default\">\n\t\t\t\t\t<div class=\"elementor-column elementor-col-50 elementor-top-column elementor-element elementor-element-95c3b64\" data-id=\"95c3b64\" data-element_type=\"column\" data-settings=\"{&quot;background_background&quot;:&quot;classic&quot;}\">\n\t\t\t<div class=\"elementor-widget-wrap elementor-element-populated\">\n\t\t\t\t\t\t<div class=\"elementor-element elementor-element-b278a20 elementor-widget elementor-widget-heading\" data-id=\"b278a20\" data-element_type=\"widget\" data-widget_type=\"heading.default\">\n\t\t\t\t<div class=\"elementor-widget-container\">\n\t\t\t<h2 class=\"elementor-heading-title elementor-size-default\">2021<\/h2>\t\t<\/div>\n\t\t\t\t<\/div>\n\t\t\t\t<div class=\"elementor-element elementor-element-6d80489 elementor-widget elementor-widget-heading\" data-id=\"6d80489\" data-element_type=\"widget\" data-widget_type=\"heading.default\">\n\t\t\t\t<div class=\"elementor-widget-container\">\n\t\t\t<h1 class=\"elementor-heading-title elementor-size-default\">Costa d\u2019Ivori<\/h1>\t\t<\/div>\n\t\t\t\t<\/div>\n\t\t\t\t<section class=\"elementor-section elementor-inner-section elementor-element elementor-element-9b6fb26 elementor-section-content-middle elementor-section-boxed elementor-section-height-default elementor-section-height-default\" data-id=\"9b6fb26\" data-element_type=\"section\" data-settings=\"{&quot;jet_parallax_layout_list&quot;:[]}\">\n\t\t\t\t\t\t<div class=\"elementor-container elementor-column-gap-default\">\n\t\t\t\t\t<div class=\"elementor-column elementor-col-50 elementor-inner-column elementor-element elementor-element-b0f8626\" data-id=\"b0f8626\" data-element_type=\"column\">\n\t\t\t<div class=\"elementor-widget-wrap elementor-element-populated\">\n\t\t\t\t\t\t<div class=\"elementor-element elementor-element-7891a4a elementor-widget elementor-widget-button\" data-id=\"7891a4a\" data-element_type=\"widget\" data-widget_type=\"button.default\">\n\t\t\t\t<div class=\"elementor-widget-container\">\n\t\t\t\t\t\t\t<div class=\"elementor-button-wrapper\">\n\t\t\t\t\t<a class=\"elementor-button elementor-button-link elementor-size-md\" href=\"https:\/\/www.accioeducacio.org\/wp-content\/uploads\/2022\/06\/PROJET_EDUCATIF_ETIMOE-MAKORE_2020.pdf\" target=\"_blank\" rel=\"nofollow\">\n\t\t\t\t\t\t<span class=\"elementor-button-content-wrapper\">\n\t\t\t\t\t\t\t\t\t<span class=\"elementor-button-text\"> VEURE<\/span>\n\t\t\t\t\t<\/span>\n\t\t\t\t\t<\/a>\n\t\t\t\t<\/div>\n\t\t\t\t\t\t<\/div>\n\t\t\t\t<\/div>\n\t\t\t\t\t<\/div>\n\t\t<\/div>\n\t\t\t\t<div class=\"elementor-column elementor-col-50 elementor-inner-column elementor-element elementor-element-ca0da40\" data-id=\"ca0da40\" data-element_type=\"column\">\n\t\t\t<div class=\"elementor-widget-wrap elementor-element-populated\">\n\t\t\t\t\t\t<div class=\"elementor-element elementor-element-0662fd6 elementor-widget elementor-widget-text-editor\" data-id=\"0662fd6\" data-element_type=\"widget\" data-widget_type=\"text-editor.default\">\n\t\t\t\t<div class=\"elementor-widget-container\">\n\t\t\t\t\t\t\t<p>Projet Educatif Ecoles Etimoe et Makore<\/p>\t\t\t\t\t\t<\/div>\n\t\t\t\t<\/div>\n\t\t\t\t\t<\/div>\n\t\t<\/div>\n\t\t\t\t\t<\/div>\n\t\t<\/section>\n\t\t\t\t<div class=\"elementor-element elementor-element-aa8436d elementor-widget elementor-widget-button\" data-id=\"aa8436d\" data-element_type=\"widget\" data-widget_type=\"button.default\">\n\t\t\t\t<div class=\"elementor-widget-container\">\n\t\t\t\t\t\t\t<div class=\"elementor-button-wrapper\">\n\t\t\t\t\t<a class=\"elementor-button elementor-button-link elementor-size-md\" href=\"https:\/\/www.accioeducacio.org\/ca\/dona\/\">\n\t\t\t\t\t\t<span class=\"elementor-button-content-wrapper\">\n\t\t\t\t\t\t\t\t\t<span class=\"elementor-button-text\">COL\u00b7LABORA<\/span>\n\t\t\t\t\t<\/span>\n\t\t\t\t\t<\/a>\n\t\t\t\t<\/div>\n\t\t\t\t\t\t<\/div>\n\t\t\t\t<\/div>\n\t\t\t\t\t<\/div>\n\t\t<\/div>\n\t\t\t\t<div class=\"elementor-column elementor-col-50 elementor-top-column elementor-element elementor-element-cef80f4\" data-id=\"cef80f4\" data-element_type=\"column\" data-settings=\"{&quot;background_background&quot;:&quot;classic&quot;}\">\n\t\t\t<div class=\"elementor-widget-wrap elementor-element-populated\">\n\t\t\t\t\t\t<div class=\"elementor-element elementor-element-02609a6 elementor-widget elementor-widget-spacer\" data-id=\"02609a6\" data-element_type=\"widget\" data-widget_type=\"spacer.default\">\n\t\t\t\t<div class=\"elementor-widget-container\">\n\t\t\t\t\t<div class=\"elementor-spacer\">\n\t\t\t<div class=\"elementor-spacer-inner\"><\/div>\n\t\t<\/div>\n\t\t\t\t<\/div>\n\t\t\t\t<\/div>\n\t\t\t\t\t<\/div>\n\t\t<\/div>\n\t\t\t\t\t<\/div>\n\t\t<\/section>\n\t\t\t\t<section class=\"elementor-section elementor-top-section elementor-element elementor-element-d89c44c elementor-section-boxed elementor-section-height-default elementor-section-height-default\" data-id=\"d89c44c\" data-element_type=\"section\" data-settings=\"{&quot;jet_parallax_layout_list&quot;:[]}\">\n\t\t\t\t\t\t<div class=\"elementor-container elementor-column-gap-default\">\n\t\t\t\t\t<div class=\"elementor-column elementor-col-100 elementor-top-column elementor-element elementor-element-5a973fb\" data-id=\"5a973fb\" data-element_type=\"column\">\n\t\t\t<div class=\"elementor-widget-wrap elementor-element-populated\">\n\t\t\t\t\t\t<div class=\"elementor-element elementor-element-a370a24 elementor-widget elementor-widget-heading\" data-id=\"a370a24\" data-element_type=\"widget\" data-widget_type=\"heading.default\">\n\t\t\t\t<div class=\"elementor-widget-container\">\n\t\t\t<h2 class=\"elementor-heading-title elementor-size-default\">AM\u00c8RICA I \u00c0FRICA: OBJECTIUS I ACTUALITAT 2021 <br> ESCOLES - KINDER<\/h2>\t\t<\/div>\n\t\t\t\t<\/div>\n\t\t\t\t<div class=\"elementor-element elementor-element-5252995 elementor-widget elementor-widget-image\" data-id=\"5252995\" data-element_type=\"widget\" data-widget_type=\"image.default\">\n\t\t\t\t<div class=\"elementor-widget-container\">\n\t\t\t\t\t\t\t\t\t\t\t\t\t<img fetchpriority=\"high\" decoding=\"async\" width=\"929\" height=\"614\" src=\"https:\/\/www.accioeducacio.org\/wp-content\/uploads\/2022\/07\/grafico_proyectos_1.jpg\" class=\"attachment-full size-full wp-image-471\" alt=\"\" srcset=\"https:\/\/www.accioeducacio.org\/wp-content\/uploads\/2022\/07\/grafico_proyectos_1.jpg 929w, https:\/\/www.accioeducacio.org\/wp-content\/uploads\/2022\/07\/grafico_proyectos_1-300x198.jpg 300w, https:\/\/www.accioeducacio.org\/wp-content\/uploads\/2022\/07\/grafico_proyectos_1-768x508.jpg 768w\" sizes=\"(max-width: 929px) 100vw, 929px\" \/>\t\t\t\t\t\t\t\t\t\t\t\t\t<\/div>\n\t\t\t\t<\/div>\n\t\t\t\t\t<\/div>\n\t\t<\/div>\n\t\t\t\t\t<\/div>\n\t\t<\/section>\n\t\t\t\t<section class=\"elementor-section elementor-top-section elementor-element elementor-element-5714a27 elementor-section-boxed elementor-section-height-default elementor-section-height-default\" data-id=\"5714a27\" data-element_type=\"section\" data-settings=\"{&quot;jet_parallax_layout_list&quot;:[]}\">\n\t\t\t\t\t\t<div class=\"elementor-container elementor-column-gap-default\">\n\t\t\t\t\t<div class=\"elementor-column elementor-col-100 elementor-top-column elementor-element elementor-element-d3845e7\" data-id=\"d3845e7\" data-element_type=\"column\">\n\t\t\t<div class=\"elementor-widget-wrap elementor-element-populated\">\n\t\t\t\t\t\t<div class=\"elementor-element elementor-element-cab7929 elementor-widget elementor-widget-shortcode\" data-id=\"cab7929\" data-element_type=\"widget\" data-widget_type=\"shortcode.default\">\n\t\t\t\t<div class=\"elementor-widget-container\">\n\t\t\t\t\t<div class=\"elementor-shortcode\"><div id=\"tablepress-12-scroll-wrapper\" class=\"tablepress-scroll-wrapper\">\n\n<table id=\"tablepress-12\" class=\"tablepress tablepress-id-12 tablepress-responsive tbody-has-connected-cells\">\n<tbody class=\"row-striping row-hover\">\n<tr class=\"row-1\">\n\t<td class=\"column-1\"><\/td><td class=\"column-2\"><\/td><td class=\"column-3\"><\/td><td class=\"column-4\"><\/td><td class=\"column-5\"><\/td><td class=\"column-6\"><\/td>\n<\/tr>\n<tr class=\"row-2\">\n\t<td class=\"column-1\"><\/td><td colspan=\"2\" class=\"column-2\"><center>PROJECTE<\/center><\/td><td colspan=\"3\" class=\"column-4\"><center>CURS 2021-2022<\/center><\/td>\n<\/tr>\n<tr class=\"row-3\">\n\t<td class=\"column-1\"><\/td><td class=\"column-2\">Escoles <\/td><td class=\"column-3\">Escoles Infantils <\/td><td class=\"column-4\">Escoles <\/td><td class=\"column-5\">Escoles Infantils <\/td><td class=\"column-6\">N\u00ba alumnes<\/td>\n<\/tr>\n<\/tbody>\n<tfoot>\n<tr class=\"row-4\">\n\t<th class=\"column-1\">COSTA D'IVORY<\/th><th class=\"column-2\">10<\/th><th class=\"column-3\">5<\/th><th class=\"column-4\">2<\/th><th class=\"column-5\">1<\/th><th class=\"column-6\">1.650<\/th>\n<\/tr>\n<\/tfoot>\n<\/table>\n\n<\/div><!-- #tablepress-12 from cache --><\/div>\n\t\t\t\t<\/div>\n\t\t\t\t<\/div>\n\t\t\t\t\t<\/div>\n\t\t<\/div>\n\t\t\t\t\t<\/div>\n\t\t<\/section>\n\t\t\t\t<section class=\"elementor-section elementor-top-section elementor-element elementor-element-96287fb elementor-section-full_width elementor-section-height-default elementor-section-height-default\" data-id=\"96287fb\" data-element_type=\"section\" data-settings=\"{&quot;jet_parallax_layout_list&quot;:[]}\">\n\t\t\t\t\t\t<div class=\"elementor-container elementor-column-gap-default\">\n\t\t\t\t\t<div class=\"elementor-column elementor-col-50 elementor-top-column elementor-element elementor-element-b87c375\" data-id=\"b87c375\" data-element_type=\"column\" data-settings=\"{&quot;background_background&quot;:&quot;classic&quot;}\">\n\t\t\t<div class=\"elementor-widget-wrap elementor-element-populated\">\n\t\t\t\t\t\t<div class=\"elementor-element elementor-element-5fbb2ae elementor-widget elementor-widget-spacer\" data-id=\"5fbb2ae\" data-element_type=\"widget\" data-widget_type=\"spacer.default\">\n\t\t\t\t<div class=\"elementor-widget-container\">\n\t\t\t\t\t<div class=\"elementor-spacer\">\n\t\t\t<div class=\"elementor-spacer-inner\"><\/div>\n\t\t<\/div>\n\t\t\t\t<\/div>\n\t\t\t\t<\/div>\n\t\t\t\t\t<\/div>\n\t\t<\/div>\n\t\t\t\t<div class=\"elementor-column elementor-col-50 elementor-top-column elementor-element elementor-element-fb816c3\" data-id=\"fb816c3\" data-element_type=\"column\" data-settings=\"{&quot;background_background&quot;:&quot;classic&quot;}\">\n\t\t\t<div class=\"elementor-widget-wrap elementor-element-populated\">\n\t\t\t\t\t\t<div class=\"elementor-element elementor-element-b157302 elementor-widget elementor-widget-heading\" data-id=\"b157302\" data-element_type=\"widget\" data-widget_type=\"heading.default\">\n\t\t\t\t<div class=\"elementor-widget-container\">\n\t\t\t<h2 class=\"elementor-heading-title elementor-size-default\">MILLORAR L'EDUCACI\u00d3 PER CANVIAR EL M\u00d3N<\/h2>\t\t<\/div>\n\t\t\t\t<\/div>\n\t\t\t\t<div class=\"elementor-element elementor-element-10ac6cb elementor-widget elementor-widget-text-editor\" data-id=\"10ac6cb\" data-element_type=\"widget\" data-widget_type=\"text-editor.default\">\n\t\t\t\t<div class=\"elementor-widget-container\">\n\t\t\t\t\t\t\t<p class=\"p1\">Un servei a la societat mitjan\u00e7ant la promoci\u00f3 universal de l\u2019educaci\u00f3 de les persones a tot el m\u00f3n.<\/p>\t\t\t\t\t\t<\/div>\n\t\t\t\t<\/div>\n\t\t\t\t<div class=\"elementor-element elementor-element-30c8692 elementor-widget elementor-widget-button\" data-id=\"30c8692\" data-element_type=\"widget\" data-widget_type=\"button.default\">\n\t\t\t\t<div class=\"elementor-widget-container\">\n\t\t\t\t\t\t\t<div class=\"elementor-button-wrapper\">\n\t\t\t\t\t<a class=\"elementor-button elementor-button-link elementor-size-md\" href=\"https:\/\/www.accioeducacio.org\/ca\/dona\/\">\n\t\t\t\t\t\t<span class=\"elementor-button-content-wrapper\">\n\t\t\t\t\t\t\t\t\t<span class=\"elementor-button-text\">COL\u00b7LABORA<\/span>\n\t\t\t\t\t<\/span>\n\t\t\t\t\t<\/a>\n\t\t\t\t<\/div>\n\t\t\t\t\t\t<\/div>\n\t\t\t\t<\/div>\n\t\t\t\t\t<\/div>\n\t\t<\/div>\n\t\t\t\t\t<\/div>\n\t\t<\/section>\n\t\t\t\t<\/div>\n\t\t","protected":false},"excerpt":{"rendered":"<p>2021 Costa d\u2019Ivori VEURE Projet Educatif Ecoles Etimoe et Makore COL\u00b7LABORA AM\u00c8RICA I \u00c0FRICA: OBJECTIUS I ACTUALITAT 2021 ESCOLES &#8211; KINDER MILLORAR L&#8217;EDUCACI\u00d3 PER CANVIAR EL M\u00d3N Un servei a la societat mitjan\u00e7ant la promoci\u00f3 universal de l\u2019educaci\u00f3 de les persones a tot el m\u00f3n. COL\u00b7LABORA<\/p>\n","protected":false},"author":1,"featured_media":0,"parent":783,"menu_order":0,"comment_status":"closed","ping_status":"closed","template":"","meta":{"footnotes":""},"class_list":["post-795","page","type-page","status-publish","hentry"],"yoast_head":"<!-- This site is optimized with the Yoast SEO plugin v21.5 - https:\/\/yoast.com\/wordpress\/plugins\/seo\/ -->\n<title>Costa d\u2019Ivori - Acci\u00f3 per l&#039;educaci\u00f3<\/title>\n<meta name=\"robots\" content=\"index, follow, max-snippet:-1, max-image-preview:large, max-video-preview:-1\" \/>\n<link rel=\"canonical\" href=\"https:\/\/www.accioeducacio.org\/proyectos\/costa-de-marfil\/\" \/>\n<meta property=\"og:locale\" content=\"ca_ES\" \/>\n<meta property=\"og:type\" content=\"article\" \/>\n<meta property=\"og:title\" content=\"Costa d\u2019Ivori - Acci\u00f3 per l&#039;educaci\u00f3\" \/>\n<meta property=\"og:description\" content=\"2021 Costa d\u2019Ivori VEURE Projet Educatif Ecoles Etimoe et Makore COL\u00b7LABORA AM\u00c8RICA I \u00c0FRICA: OBJECTIUS I ACTUALITAT 2021 ESCOLES &#8211; KINDER MILLORAR L&#8217;EDUCACI\u00d3 PER CANVIAR EL M\u00d3N Un servei a la societat mitjan\u00e7ant la promoci\u00f3 universal de l\u2019educaci\u00f3 de les persones a tot el m\u00f3n. COL\u00b7LABORA\" \/>\n<meta property=\"og:url\" content=\"https:\/\/www.accioeducacio.org\/proyectos\/costa-de-marfil\/\" \/>\n<meta property=\"og:site_name\" content=\"Acci\u00f3 per l&#039;educaci\u00f3\" \/>\n<meta property=\"article:modified_time\" content=\"2022-07-12T12:51:20+00:00\" \/>\n<meta property=\"og:image\" content=\"https:\/\/www.accioeducacio.org\/wp-content\/uploads\/2022\/07\/grafico_proyectos_1.jpg\" \/>\n<meta name=\"twitter:card\" content=\"summary_large_image\" \/>\n<script type=\"application\/ld+json\" class=\"yoast-schema-graph\">{\"@context\":\"https:\/\/schema.org\",\"@graph\":[{\"@type\":\"WebPage\",\"@id\":\"https:\/\/www.accioeducacio.org\/proyectos\/costa-de-marfil\/\",\"url\":\"https:\/\/www.accioeducacio.org\/proyectos\/costa-de-marfil\/\",\"name\":\"Costa d\u2019Ivori - Acci\u00f3 per l&#039;educaci\u00f3\",\"isPartOf\":{\"@id\":\"https:\/\/www.accioeducacio.org\/#website\"},\"datePublished\":\"2022-06-29T09:23:09+00:00\",\"dateModified\":\"2022-07-12T12:51:20+00:00\",\"breadcrumb\":{\"@id\":\"https:\/\/www.accioeducacio.org\/proyectos\/costa-de-marfil\/#breadcrumb\"},\"inLanguage\":\"ca\",\"potentialAction\":[{\"@type\":\"ReadAction\",\"target\":[\"https:\/\/www.accioeducacio.org\/proyectos\/costa-de-marfil\/\"]}]},{\"@type\":\"BreadcrumbList\",\"@id\":\"https:\/\/www.accioeducacio.org\/proyectos\/costa-de-marfil\/#breadcrumb\",\"itemListElement\":[{\"@type\":\"ListItem\",\"position\":1,\"name\":\"Home\",\"item\":\"https:\/\/www.accioeducacio.org\/\"},{\"@type\":\"ListItem\",\"position\":2,\"name\":\"Projectes\",\"item\":\"https:\/\/www.accioeducacio.org\/proyectos\/\"},{\"@type\":\"ListItem\",\"position\":3,\"name\":\"Costa d\u2019Ivori\"}]},{\"@type\":\"WebSite\",\"@id\":\"https:\/\/www.accioeducacio.org\/#website\",\"url\":\"https:\/\/www.accioeducacio.org\/\",\"name\":\"Acci\u00f3 per l&#039;educaci\u00f3\",\"description\":\"Acci\u00f3 per leducaci\u00f3\",\"publisher\":{\"@id\":\"https:\/\/www.accioeducacio.org\/#organization\"},\"potentialAction\":[{\"@type\":\"SearchAction\",\"target\":{\"@type\":\"EntryPoint\",\"urlTemplate\":\"https:\/\/www.accioeducacio.org\/?s={search_term_string}\"},\"query-input\":\"required name=search_term_string\"}],\"inLanguage\":\"ca\"},{\"@type\":\"Organization\",\"@id\":\"https:\/\/www.accioeducacio.org\/#organization\",\"name\":\"Acci\u00f3 per l&#039;educaci\u00f3\",\"url\":\"https:\/\/www.accioeducacio.org\/\",\"logo\":{\"@type\":\"ImageObject\",\"inLanguage\":\"ca\",\"@id\":\"https:\/\/www.accioeducacio.org\/#\/schema\/logo\/image\/\",\"url\":\"https:\/\/www.accioeducacio.org\/wp-content\/uploads\/2022\/06\/logo_header.jpg\",\"contentUrl\":\"https:\/\/www.accioeducacio.org\/wp-content\/uploads\/2022\/06\/logo_header.jpg\",\"width\":269,\"height\":59,\"caption\":\"Acci\u00f3 per l&#039;educaci\u00f3\"},\"image\":{\"@id\":\"https:\/\/www.accioeducacio.org\/#\/schema\/logo\/image\/\"}}]}<\/script>\n<!-- \/ Yoast SEO plugin. -->","yoast_head_json":{"title":"Costa d\u2019Ivori - Acci\u00f3 per l&#039;educaci\u00f3","robots":{"index":"index","follow":"follow","max-snippet":"max-snippet:-1","max-image-preview":"max-image-preview:large","max-video-preview":"max-video-preview:-1"},"canonical":"https:\/\/www.accioeducacio.org\/proyectos\/costa-de-marfil\/","og_locale":"ca_ES","og_type":"article","og_title":"Costa d\u2019Ivori - Acci\u00f3 per l&#039;educaci\u00f3","og_description":"2021 Costa d\u2019Ivori VEURE Projet Educatif Ecoles Etimoe et Makore COL\u00b7LABORA AM\u00c8RICA I \u00c0FRICA: OBJECTIUS I ACTUALITAT 2021 ESCOLES &#8211; KINDER MILLORAR L&#8217;EDUCACI\u00d3 PER CANVIAR EL M\u00d3N Un servei a la societat mitjan\u00e7ant la promoci\u00f3 universal de l\u2019educaci\u00f3 de les persones a tot el m\u00f3n. COL\u00b7LABORA","og_url":"https:\/\/www.accioeducacio.org\/proyectos\/costa-de-marfil\/","og_site_name":"Acci\u00f3 per l&#039;educaci\u00f3","article_modified_time":"2022-07-12T12:51:20+00:00","og_image":[{"url":"https:\/\/www.accioeducacio.org\/wp-content\/uploads\/2022\/07\/grafico_proyectos_1.jpg"}],"twitter_card":"summary_large_image","schema":{"@context":"https:\/\/schema.org","@graph":[{"@type":"WebPage","@id":"https:\/\/www.accioeducacio.org\/proyectos\/costa-de-marfil\/","url":"https:\/\/www.accioeducacio.org\/proyectos\/costa-de-marfil\/","name":"Costa d\u2019Ivori - Acci\u00f3 per l&#039;educaci\u00f3","isPartOf":{"@id":"https:\/\/www.accioeducacio.org\/#website"},"datePublished":"2022-06-29T09:23:09+00:00","dateModified":"2022-07-12T12:51:20+00:00","breadcrumb":{"@id":"https:\/\/www.accioeducacio.org\/proyectos\/costa-de-marfil\/#breadcrumb"},"inLanguage":"ca","potentialAction":[{"@type":"ReadAction","target":["https:\/\/www.accioeducacio.org\/proyectos\/costa-de-marfil\/"]}]},{"@type":"BreadcrumbList","@id":"https:\/\/www.accioeducacio.org\/proyectos\/costa-de-marfil\/#breadcrumb","itemListElement":[{"@type":"ListItem","position":1,"name":"Home","item":"https:\/\/www.accioeducacio.org\/"},{"@type":"ListItem","position":2,"name":"Projectes","item":"https:\/\/www.accioeducacio.org\/proyectos\/"},{"@type":"ListItem","position":3,"name":"Costa d\u2019Ivori"}]},{"@type":"WebSite","@id":"https:\/\/www.accioeducacio.org\/#website","url":"https:\/\/www.accioeducacio.org\/","name":"Acci\u00f3 per l&#039;educaci\u00f3","description":"Acci\u00f3 per leducaci\u00f3","publisher":{"@id":"https:\/\/www.accioeducacio.org\/#organization"},"potentialAction":[{"@type":"SearchAction","target":{"@type":"EntryPoint","urlTemplate":"https:\/\/www.accioeducacio.org\/?s={search_term_string}"},"query-input":"required name=search_term_string"}],"inLanguage":"ca"},{"@type":"Organization","@id":"https:\/\/www.accioeducacio.org\/#organization","name":"Acci\u00f3 per l&#039;educaci\u00f3","url":"https:\/\/www.accioeducacio.org\/","logo":{"@type":"ImageObject","inLanguage":"ca","@id":"https:\/\/www.accioeducacio.org\/#\/schema\/logo\/image\/","url":"https:\/\/www.accioeducacio.org\/wp-content\/uploads\/2022\/06\/logo_header.jpg","contentUrl":"https:\/\/www.accioeducacio.org\/wp-content\/uploads\/2022\/06\/logo_header.jpg","width":269,"height":59,"caption":"Acci\u00f3 per l&#039;educaci\u00f3"},"image":{"@id":"https:\/\/www.accioeducacio.org\/#\/schema\/logo\/image\/"}}]}},"_links":{"self":[{"href":"https:\/\/www.accioeducacio.org\/ca\/wp-json\/wp\/v2\/pages\/795","targetHints":{"allow":["GET"]}}],"collection":[{"href":"https:\/\/www.accioeducacio.org\/ca\/wp-json\/wp\/v2\/pages"}],"about":[{"href":"https:\/\/www.accioeducacio.org\/ca\/wp-json\/wp\/v2\/types\/page"}],"author":[{"embeddable":true,"href":"https:\/\/www.accioeducacio.org\/ca\/wp-json\/wp\/v2\/users\/1"}],"replies":[{"embeddable":true,"href":"https:\/\/www.accioeducacio.org\/ca\/wp-json\/wp\/v2\/comments?post=795"}],"version-history":[{"count":3,"href":"https:\/\/www.accioeducacio.org\/ca\/wp-json\/wp\/v2\/pages\/795\/revisions"}],"predecessor-version":[{"id":868,"href":"https:\/\/www.accioeducacio.org\/ca\/wp-json\/wp\/v2\/pages\/795\/revisions\/868"}],"up":[{"embeddable":true,"href":"https:\/\/www.accioeducacio.org\/ca\/wp-json\/wp\/v2\/pages\/783"}],"wp:attachment":[{"href":"https:\/\/www.accioeducacio.org\/ca\/wp-json\/wp\/v2\/media?parent=795"}],"curies":[{"name":"wp","href":"https:\/\/api.w.org\/{rel}","templated":true}]}}