{"id":721,"date":"2022-06-08T10:18:00","date_gmt":"2022-06-08T10:18:00","guid":{"rendered":"https:\/\/www.accioeducacio.org\/documentacio\/"},"modified":"2024-11-20T15:46:02","modified_gmt":"2024-11-20T15:46:02","slug":"documentacio","status":"publish","type":"page","link":"https:\/\/www.accioeducacio.org\/ca\/documentacio\/","title":{"rendered":"Documentaci\u00f3"},"content":{"rendered":"\t\t<div data-elementor-type=\"wp-page\" data-elementor-id=\"721\" class=\"elementor elementor-721\" data-elementor-post-type=\"page\">\n\t\t\t\t\t\t<section class=\"elementor-section elementor-top-section elementor-element elementor-element-8a9ff2a elementor-section-full_width elementor-reverse-mobile elementor-reverse-tablet elementor-section-height-min-height elementor-section-height-default elementor-section-items-middle\" data-id=\"8a9ff2a\" data-element_type=\"section\" data-settings=\"{&quot;background_background&quot;:&quot;classic&quot;,&quot;jet_parallax_layout_list&quot;:[]}\">\n\t\t\t\t\t\t<div class=\"elementor-container elementor-column-gap-default\">\n\t\t\t\t\t<div class=\"elementor-column elementor-col-50 elementor-top-column elementor-element elementor-element-21fb8c5\" data-id=\"21fb8c5\" data-element_type=\"column\" data-settings=\"{&quot;background_background&quot;:&quot;classic&quot;}\">\n\t\t\t<div class=\"elementor-widget-wrap elementor-element-populated\">\n\t\t\t\t\t\t<div class=\"elementor-element elementor-element-e4f7029 elementor-widget elementor-widget-spacer\" data-id=\"e4f7029\" data-element_type=\"widget\" data-widget_type=\"spacer.default\">\n\t\t\t\t<div class=\"elementor-widget-container\">\n\t\t\t\t\t<div class=\"elementor-spacer\">\n\t\t\t<div class=\"elementor-spacer-inner\"><\/div>\n\t\t<\/div>\n\t\t\t\t<\/div>\n\t\t\t\t<\/div>\n\t\t\t\t\t<\/div>\n\t\t<\/div>\n\t\t\t\t<div class=\"elementor-column elementor-col-50 elementor-top-column elementor-element elementor-element-b7d60ce\" data-id=\"b7d60ce\" data-element_type=\"column\">\n\t\t\t<div class=\"elementor-widget-wrap\">\n\t\t\t\t\t\t\t<\/div>\n\t\t<\/div>\n\t\t\t\t\t<\/div>\n\t\t<\/section>\n\t\t\t\t<section class=\"elementor-section elementor-top-section elementor-element elementor-element-ad93364 elementor-section-boxed elementor-section-height-default elementor-section-height-default\" data-id=\"ad93364\" data-element_type=\"section\" data-settings=\"{&quot;jet_parallax_layout_list&quot;:[]}\">\n\t\t\t\t\t\t<div class=\"elementor-container elementor-column-gap-default\">\n\t\t\t\t\t<div class=\"elementor-column elementor-col-50 elementor-top-column elementor-element elementor-element-561bff1\" data-id=\"561bff1\" data-element_type=\"column\">\n\t\t\t<div class=\"elementor-widget-wrap elementor-element-populated\">\n\t\t\t\t\t\t<div class=\"elementor-element elementor-element-f013f61 elementor-widget elementor-widget-heading\" data-id=\"f013f61\" data-element_type=\"widget\" data-widget_type=\"heading.default\">\n\t\t\t\t<div class=\"elementor-widget-container\">\n\t\t\t<h2 class=\"elementor-heading-title elementor-size-default\">Fundaci\u00f3 Acci\u00f3 per l\u2019Educaci\u00f3<\/h2>\t\t<\/div>\n\t\t\t\t<\/div>\n\t\t\t\t<div class=\"elementor-element elementor-element-c8521d7 elementor-widget elementor-widget-text-editor\" data-id=\"c8521d7\" data-element_type=\"widget\" data-widget_type=\"text-editor.default\">\n\t\t\t\t<div class=\"elementor-widget-container\">\n\t\t\t\t\t\t\t<pre id=\"tw-target-text\" class=\"tw-data-text tw-text-large tw-ta\" dir=\"ltr\" data-placeholder=\"Traducci\u00f3n\"><span class=\"Y2IQFc\" lang=\"ca\">Resum d'activitats i projectes realitzats,\r\ninformaci\u00f3 econ\u00f2mica, etc.<\/span><\/pre>\t\t\t\t\t\t<\/div>\n\t\t\t\t<\/div>\n\t\t\t\t\t<\/div>\n\t\t<\/div>\n\t\t\t\t<div class=\"elementor-column elementor-col-50 elementor-top-column elementor-element elementor-element-dd6d20f\" data-id=\"dd6d20f\" data-element_type=\"column\">\n\t\t\t<div class=\"elementor-widget-wrap\">\n\t\t\t\t\t\t\t<\/div>\n\t\t<\/div>\n\t\t\t\t\t<\/div>\n\t\t<\/section>\n\t\t\t\t<section class=\"elementor-section elementor-top-section elementor-element elementor-element-e63c38b elementor-section-boxed elementor-section-height-default elementor-section-height-default\" data-id=\"e63c38b\" data-element_type=\"section\" data-settings=\"{&quot;jet_parallax_layout_list&quot;:[]}\">\n\t\t\t\t\t\t<div class=\"elementor-container elementor-column-gap-default\">\n\t\t\t\t\t<div class=\"elementor-column elementor-col-33 elementor-top-column elementor-element elementor-element-ea081f8\" data-id=\"ea081f8\" data-element_type=\"column\">\n\t\t\t<div class=\"elementor-widget-wrap elementor-element-populated\">\n\t\t\t\t\t\t<div class=\"elementor-element elementor-element-8ed76b1 elementor-widget elementor-widget-image\" data-id=\"8ed76b1\" data-element_type=\"widget\" data-widget_type=\"image.default\">\n\t\t\t\t<div class=\"elementor-widget-container\">\n\t\t\t\t\t\t\t\t\t\t\t\t\t<img fetchpriority=\"high\" decoding=\"async\" width=\"452\" height=\"294\" src=\"https:\/\/www.accioeducacio.org\/wp-content\/uploads\/2022\/06\/20220118_Memoria2021_V1.jpg\" class=\"attachment-large size-large wp-image-220\" alt=\"\" srcset=\"https:\/\/www.accioeducacio.org\/wp-content\/uploads\/2022\/06\/20220118_Memoria2021_V1.jpg 452w, https:\/\/www.accioeducacio.org\/wp-content\/uploads\/2022\/06\/20220118_Memoria2021_V1-300x195.jpg 300w\" sizes=\"(max-width: 452px) 100vw, 452px\" \/>\t\t\t\t\t\t\t\t\t\t\t\t\t<\/div>\n\t\t\t\t<\/div>\n\t\t\t\t<div class=\"elementor-element elementor-element-529923b elementor-widget elementor-widget-heading\" data-id=\"529923b\" data-element_type=\"widget\" data-widget_type=\"heading.default\">\n\t\t\t\t<div class=\"elementor-widget-container\">\n\t\t\t<h3 class=\"elementor-heading-title elementor-size-default\">MEM\u00d2RIA 2021<\/h3>\t\t<\/div>\n\t\t\t\t<\/div>\n\t\t\t\t<div class=\"elementor-element elementor-element-c9dfb05 elementor-widget elementor-widget-image\" data-id=\"c9dfb05\" data-element_type=\"widget\" data-widget_type=\"image.default\">\n\t\t\t\t<div class=\"elementor-widget-container\">\n\t\t\t\t\t\t\t\t\t\t\t\t\t\t<a href=\"https:\/\/www.accioeducacio.org\/wp-content\/uploads\/2022\/06\/20220125_Memoria2021_V4-2.pdf\" target=\"_blank\" rel=\"nofollow\">\n\t\t\t\t\t\t\t<img decoding=\"async\" width=\"99\" height=\"42\" src=\"https:\/\/www.accioeducacio.org\/wp-content\/uploads\/2022\/06\/flecha-1.jpg\" class=\"attachment-large size-large wp-image-221\" alt=\"\" \/>\t\t\t\t\t\t\t\t<\/a>\n\t\t\t\t\t\t\t\t\t\t\t\t\t<\/div>\n\t\t\t\t<\/div>\n\t\t\t\t\t<\/div>\n\t\t<\/div>\n\t\t\t\t<div class=\"elementor-column elementor-col-33 elementor-top-column elementor-element elementor-element-ca2527c\" data-id=\"ca2527c\" data-element_type=\"column\">\n\t\t\t<div class=\"elementor-widget-wrap elementor-element-populated\">\n\t\t\t\t\t\t<div class=\"elementor-element elementor-element-8afcaef elementor-widget elementor-widget-image\" data-id=\"8afcaef\" data-element_type=\"widget\" data-widget_type=\"image.default\">\n\t\t\t\t<div class=\"elementor-widget-container\">\n\t\t\t\t\t\t\t\t\t\t\t\t\t<img decoding=\"async\" width=\"452\" height=\"294\" src=\"https:\/\/www.accioeducacio.org\/wp-content\/uploads\/2022\/06\/Memoriaportada.jpg\" class=\"attachment-large size-large wp-image-224\" alt=\"\" srcset=\"https:\/\/www.accioeducacio.org\/wp-content\/uploads\/2022\/06\/Memoriaportada.jpg 452w, https:\/\/www.accioeducacio.org\/wp-content\/uploads\/2022\/06\/Memoriaportada-300x195.jpg 300w\" sizes=\"(max-width: 452px) 100vw, 452px\" \/>\t\t\t\t\t\t\t\t\t\t\t\t\t<\/div>\n\t\t\t\t<\/div>\n\t\t\t\t<div class=\"elementor-element elementor-element-3a075c8 elementor-widget elementor-widget-heading\" data-id=\"3a075c8\" data-element_type=\"widget\" data-widget_type=\"heading.default\">\n\t\t\t\t<div class=\"elementor-widget-container\">\n\t\t\t<h3 class=\"elementor-heading-title elementor-size-default\">MEM\u00d2RIA 2019-2020<\/h3>\t\t<\/div>\n\t\t\t\t<\/div>\n\t\t\t\t<div class=\"elementor-element elementor-element-5db699b elementor-widget elementor-widget-image\" data-id=\"5db699b\" data-element_type=\"widget\" data-widget_type=\"image.default\">\n\t\t\t\t<div class=\"elementor-widget-container\">\n\t\t\t\t\t\t\t\t\t\t\t\t\t\t<a href=\"https:\/\/www.accioeducacio.org\/wp-content\/uploads\/2022\/06\/Memoria_DIGITAL-2019-20_040321-1.pdf\" target=\"_blank\" rel=\"nofollow\">\n\t\t\t\t\t\t\t<img decoding=\"async\" width=\"99\" height=\"42\" src=\"https:\/\/www.accioeducacio.org\/wp-content\/uploads\/2022\/06\/flecha-1.jpg\" class=\"attachment-large size-large wp-image-221\" alt=\"\" \/>\t\t\t\t\t\t\t\t<\/a>\n\t\t\t\t\t\t\t\t\t\t\t\t\t<\/div>\n\t\t\t\t<\/div>\n\t\t\t\t\t<\/div>\n\t\t<\/div>\n\t\t\t\t<div class=\"elementor-column elementor-col-33 elementor-top-column elementor-element elementor-element-56206b3\" data-id=\"56206b3\" data-element_type=\"column\">\n\t\t\t<div class=\"elementor-widget-wrap elementor-element-populated\">\n\t\t\t\t\t\t<div class=\"elementor-element elementor-element-0ba7d2d elementor-widget elementor-widget-image\" data-id=\"0ba7d2d\" data-element_type=\"widget\" data-widget_type=\"image.default\">\n\t\t\t\t<div class=\"elementor-widget-container\">\n\t\t\t\t\t\t\t\t\t\t\t\t\t<img loading=\"lazy\" decoding=\"async\" width=\"452\" height=\"294\" src=\"https:\/\/www.accioeducacio.org\/wp-content\/uploads\/2022\/06\/Memoriaportada-1.jpg\" class=\"attachment-large size-large wp-image-223\" alt=\"\" srcset=\"https:\/\/www.accioeducacio.org\/wp-content\/uploads\/2022\/06\/Memoriaportada-1.jpg 452w, https:\/\/www.accioeducacio.org\/wp-content\/uploads\/2022\/06\/Memoriaportada-1-300x195.jpg 300w\" sizes=\"(max-width: 452px) 100vw, 452px\" \/>\t\t\t\t\t\t\t\t\t\t\t\t\t<\/div>\n\t\t\t\t<\/div>\n\t\t\t\t<div class=\"elementor-element elementor-element-ebb4616 elementor-widget elementor-widget-heading\" data-id=\"ebb4616\" data-element_type=\"widget\" data-widget_type=\"heading.default\">\n\t\t\t\t<div class=\"elementor-widget-container\">\n\t\t\t<h3 class=\"elementor-heading-title elementor-size-default\">MEM\u00d2RIA 2018-2019<\/h3>\t\t<\/div>\n\t\t\t\t<\/div>\n\t\t\t\t<div class=\"elementor-element elementor-element-17bf5fe elementor-widget elementor-widget-image\" data-id=\"17bf5fe\" data-element_type=\"widget\" data-widget_type=\"image.default\">\n\t\t\t\t<div class=\"elementor-widget-container\">\n\t\t\t\t\t\t\t\t\t\t\t\t\t\t<a href=\"https:\/\/www.accioeducacio.org\/wp-content\/uploads\/2022\/06\/Memoria_2018_Paginas_Web_ES.pdf\" target=\"_blank\" rel=\"nofollow\">\n\t\t\t\t\t\t\t<img decoding=\"async\" width=\"99\" height=\"42\" src=\"https:\/\/www.accioeducacio.org\/wp-content\/uploads\/2022\/06\/flecha-1.jpg\" class=\"attachment-large size-large wp-image-221\" alt=\"\" \/>\t\t\t\t\t\t\t\t<\/a>\n\t\t\t\t\t\t\t\t\t\t\t\t\t<\/div>\n\t\t\t\t<\/div>\n\t\t\t\t\t<\/div>\n\t\t<\/div>\n\t\t\t\t\t<\/div>\n\t\t<\/section>\n\t\t\t\t<section class=\"elementor-section elementor-top-section elementor-element elementor-element-99b77de elementor-section-boxed elementor-section-height-default elementor-section-height-default\" data-id=\"99b77de\" data-element_type=\"section\" data-settings=\"{&quot;jet_parallax_layout_list&quot;:[]}\">\n\t\t\t\t\t\t<div class=\"elementor-container elementor-column-gap-default\">\n\t\t\t\t\t<div class=\"elementor-column elementor-col-100 elementor-top-column elementor-element elementor-element-035d9e3\" data-id=\"035d9e3\" data-element_type=\"column\">\n\t\t\t<div class=\"elementor-widget-wrap elementor-element-populated\">\n\t\t\t\t\t\t<div class=\"elementor-element elementor-element-7d09577 elementor-widget elementor-widget-heading\" data-id=\"7d09577\" data-element_type=\"widget\" data-widget_type=\"heading.default\">\n\t\t\t\t<div class=\"elementor-widget-container\">\n\t\t\t<h2 class=\"elementor-heading-title elementor-size-default\">DOCUMENTACI\u00d3<\/h2>\t\t<\/div>\n\t\t\t\t<\/div>\n\t\t\t\t<div class=\"elementor-element elementor-element-56bdce5 documentacionli elementor-widget elementor-widget-text-editor\" data-id=\"56bdce5\" data-element_type=\"widget\" data-widget_type=\"text-editor.default\">\n\t\t\t\t<div class=\"elementor-widget-container\">\n\t\t\t\t\t\t\t<ul>\r\n \t<li><a href=\"https:\/\/fra.europa.eu\/es\/eu-charter\/article\/14-derecho-la-educacion\"><span lang=\"CA\">Dret a l&#8217;Educaci\u00f3 &#8211; Carta dels Drets Fonamentals de la UE<\/span><\/a><\/li>\r\n \t<li><a href=\"https:\/\/www.un.org\/es\/about-us\/universal-declaration-of-human-rights\"><span lang=\"CA\">Declaraci\u00f3 Universal Drets Humans &#8211; Nacions Unides<\/span><\/a><\/li>\r\n \t<li><a href=\"https:\/\/app.congreso.es\/consti\/constitucion\/indice\/sinopsis\/sinopsis.jsp?art=27&amp;tipo=2\"><span lang=\"CA\">Dret a l&#8217;Educaci\u00f3 i la Llibertat d&#8217;Ensenyament &#8211; Constituci\u00f3 espanyola<\/span><\/a><\/li>\r\n \t<li><a href=\"https:\/\/www.boe.es\/biblioteca_juridica\/anuarios_derecho\/abrir_pdf.php?id=ANU-E-1986-10019300238\"><span lang=\"CA\">La Llibertat d&#8217;Ensenyament &#8211; Tribunal Constitucional<\/span><\/a><\/li>\r\n \t<li><a href=\"https:\/\/www.unesco.org\/es\/education\/right-education\"><span lang=\"CA\">Dret a l&#8217;Educaci\u00f3 &#8211; UNESCO<\/span><\/a><\/li>\r\n \t<li><a href=\"https:\/\/www.boe.es\/buscar\/doc.php?id=BOE-A-1990-31312\"><span lang=\"CA\">Convenci\u00f3 sobre els Drets dels Infants &#8211; ONU<\/span><\/a><\/li>\r\n<\/ul>\t\t\t\t\t\t<\/div>\n\t\t\t\t<\/div>\n\t\t\t\t\t<\/div>\n\t\t<\/div>\n\t\t\t\t\t<\/div>\n\t\t<\/section>\n\t\t\t\t<section class=\"elementor-section elementor-top-section elementor-element elementor-element-756fc11 elementor-section-full_width elementor-section-height-default elementor-section-height-default\" data-id=\"756fc11\" data-element_type=\"section\" data-settings=\"{&quot;jet_parallax_layout_list&quot;:[]}\">\n\t\t\t\t\t\t<div class=\"elementor-container elementor-column-gap-default\">\n\t\t\t\t\t<div class=\"elementor-column elementor-col-50 elementor-top-column elementor-element elementor-element-544d46f\" data-id=\"544d46f\" data-element_type=\"column\" data-settings=\"{&quot;background_background&quot;:&quot;classic&quot;}\">\n\t\t\t<div class=\"elementor-widget-wrap elementor-element-populated\">\n\t\t\t\t\t\t<div class=\"elementor-element elementor-element-5db438f elementor-widget elementor-widget-spacer\" data-id=\"5db438f\" data-element_type=\"widget\" data-widget_type=\"spacer.default\">\n\t\t\t\t<div class=\"elementor-widget-container\">\n\t\t\t\t\t<div class=\"elementor-spacer\">\n\t\t\t<div class=\"elementor-spacer-inner\"><\/div>\n\t\t<\/div>\n\t\t\t\t<\/div>\n\t\t\t\t<\/div>\n\t\t\t\t\t<\/div>\n\t\t<\/div>\n\t\t\t\t<div class=\"elementor-column elementor-col-50 elementor-top-column elementor-element elementor-element-a77a2d5\" data-id=\"a77a2d5\" data-element_type=\"column\" data-settings=\"{&quot;background_background&quot;:&quot;classic&quot;}\">\n\t\t\t<div class=\"elementor-widget-wrap elementor-element-populated\">\n\t\t\t\t\t\t<div class=\"elementor-element elementor-element-136a2fd elementor-widget elementor-widget-heading\" data-id=\"136a2fd\" data-element_type=\"widget\" data-widget_type=\"heading.default\">\n\t\t\t\t<div class=\"elementor-widget-container\">\n\t\t\t<h2 class=\"elementor-heading-title elementor-size-default\">MILLORAR L'EDUCACI\u00d3 PER CANVIAR EL M\u00d3N<\/h2>\t\t<\/div>\n\t\t\t\t<\/div>\n\t\t\t\t<div class=\"elementor-element elementor-element-1a246d5 elementor-widget elementor-widget-text-editor\" data-id=\"1a246d5\" data-element_type=\"widget\" data-widget_type=\"text-editor.default\">\n\t\t\t\t<div class=\"elementor-widget-container\">\n\t\t\t\t\t\t\tUn servei a la societat mitjan\u00e7ant la promoci\u00f3 universal de l\u2019educaci\u00f3 de les persones a tot el m\u00f3n.\t\t\t\t\t\t<\/div>\n\t\t\t\t<\/div>\n\t\t\t\t<div class=\"elementor-element elementor-element-693c32c elementor-widget elementor-widget-button\" data-id=\"693c32c\" data-element_type=\"widget\" data-widget_type=\"button.default\">\n\t\t\t\t<div class=\"elementor-widget-container\">\n\t\t\t\t\t\t\t<div class=\"elementor-button-wrapper\">\n\t\t\t\t\t<a class=\"elementor-button elementor-button-link elementor-size-md\" href=\"https:\/\/www.accioeducacio.org\/ca\/dona\/\">\n\t\t\t\t\t\t<span class=\"elementor-button-content-wrapper\">\n\t\t\t\t\t\t\t\t\t<span class=\"elementor-button-text\">COL\u00b7LABORA<\/span>\n\t\t\t\t\t<\/span>\n\t\t\t\t\t<\/a>\n\t\t\t\t<\/div>\n\t\t\t\t\t\t<\/div>\n\t\t\t\t<\/div>\n\t\t\t\t\t<\/div>\n\t\t<\/div>\n\t\t\t\t\t<\/div>\n\t\t<\/section>\n\t\t\t\t<\/div>\n\t\t","protected":false},"excerpt":{"rendered":"<p>Fundaci\u00f3 Acci\u00f3 per l\u2019Educaci\u00f3 Resum d&#8217;activitats i projectes realitzats, informaci\u00f3 econ\u00f2mica, etc. MEM\u00d2RIA 2021 MEM\u00d2RIA 2019-2020 MEM\u00d2RIA 2018-2019 DOCUMENTACI\u00d3 Dret a l&#8217;Educaci\u00f3 &#8211; Carta dels Drets Fonamentals de la UE Declaraci\u00f3 Universal Drets Humans &#8211; Nacions Unides Dret a l&#8217;Educaci\u00f3 i la Llibertat d&#8217;Ensenyament &#8211; Constituci\u00f3 espanyola La Llibertat d&#8217;Ensenyament &#8211; Tribunal Constitucional Dret a [&hellip;]<\/p>\n","protected":false},"author":1,"featured_media":0,"parent":0,"menu_order":0,"comment_status":"closed","ping_status":"closed","template":"","meta":{"footnotes":""},"class_list":["post-721","page","type-page","status-publish","hentry"],"yoast_head":"<!-- This site is optimized with the Yoast SEO plugin v21.5 - https:\/\/yoast.com\/wordpress\/plugins\/seo\/ -->\n<title>Documentaci\u00f3 - Acci\u00f3 per l&#039;educaci\u00f3<\/title>\n<meta name=\"robots\" content=\"index, follow, max-snippet:-1, max-image-preview:large, max-video-preview:-1\" \/>\n<link rel=\"canonical\" href=\"https:\/\/www.accioeducacio.org\/documentacion\/\" \/>\n<meta property=\"og:locale\" content=\"ca_ES\" \/>\n<meta property=\"og:type\" content=\"article\" \/>\n<meta property=\"og:title\" content=\"Documentaci\u00f3 - Acci\u00f3 per l&#039;educaci\u00f3\" \/>\n<meta property=\"og:description\" content=\"Fundaci\u00f3 Acci\u00f3 per l\u2019Educaci\u00f3 Resum d&#039;activitats i projectes realitzats, informaci\u00f3 econ\u00f2mica, etc. MEM\u00d2RIA 2021 MEM\u00d2RIA 2019-2020 MEM\u00d2RIA 2018-2019 DOCUMENTACI\u00d3 Dret a l&#8217;Educaci\u00f3 &#8211; Carta dels Drets Fonamentals de la UE Declaraci\u00f3 Universal Drets Humans &#8211; Nacions Unides Dret a l&#8217;Educaci\u00f3 i la Llibertat d&#8217;Ensenyament &#8211; Constituci\u00f3 espanyola La Llibertat d&#8217;Ensenyament &#8211; Tribunal Constitucional Dret a [&hellip;]\" \/>\n<meta property=\"og:url\" content=\"https:\/\/www.accioeducacio.org\/documentacion\/\" \/>\n<meta property=\"og:site_name\" content=\"Acci\u00f3 per l&#039;educaci\u00f3\" \/>\n<meta property=\"article:modified_time\" content=\"2024-11-20T15:46:02+00:00\" \/>\n<meta property=\"og:image\" content=\"https:\/\/www.accioeducacio.org\/wp-content\/uploads\/2022\/06\/20220118_Memoria2021_V1.jpg\" \/>\n<meta name=\"twitter:card\" content=\"summary_large_image\" \/>\n<meta name=\"twitter:label1\" content=\"Temps estimat de lectura\" \/>\n\t<meta name=\"twitter:data1\" content=\"1 minut\" \/>\n<script type=\"application\/ld+json\" class=\"yoast-schema-graph\">{\"@context\":\"https:\/\/schema.org\",\"@graph\":[{\"@type\":\"WebPage\",\"@id\":\"https:\/\/www.accioeducacio.org\/documentacion\/\",\"url\":\"https:\/\/www.accioeducacio.org\/documentacion\/\",\"name\":\"Documentaci\u00f3 - Acci\u00f3 per l&#039;educaci\u00f3\",\"isPartOf\":{\"@id\":\"https:\/\/www.accioeducacio.org\/#website\"},\"datePublished\":\"2022-06-08T10:18:00+00:00\",\"dateModified\":\"2024-11-20T15:46:02+00:00\",\"breadcrumb\":{\"@id\":\"https:\/\/www.accioeducacio.org\/documentacion\/#breadcrumb\"},\"inLanguage\":\"ca\",\"potentialAction\":[{\"@type\":\"ReadAction\",\"target\":[\"https:\/\/www.accioeducacio.org\/documentacion\/\"]}]},{\"@type\":\"BreadcrumbList\",\"@id\":\"https:\/\/www.accioeducacio.org\/documentacion\/#breadcrumb\",\"itemListElement\":[{\"@type\":\"ListItem\",\"position\":1,\"name\":\"Home\",\"item\":\"https:\/\/www.accioeducacio.org\/\"},{\"@type\":\"ListItem\",\"position\":2,\"name\":\"Documentaci\u00f3\"}]},{\"@type\":\"WebSite\",\"@id\":\"https:\/\/www.accioeducacio.org\/#website\",\"url\":\"https:\/\/www.accioeducacio.org\/\",\"name\":\"Acci\u00f3 per l&#039;educaci\u00f3\",\"description\":\"Acci\u00f3 per leducaci\u00f3\",\"publisher\":{\"@id\":\"https:\/\/www.accioeducacio.org\/#organization\"},\"potentialAction\":[{\"@type\":\"SearchAction\",\"target\":{\"@type\":\"EntryPoint\",\"urlTemplate\":\"https:\/\/www.accioeducacio.org\/?s={search_term_string}\"},\"query-input\":\"required name=search_term_string\"}],\"inLanguage\":\"ca\"},{\"@type\":\"Organization\",\"@id\":\"https:\/\/www.accioeducacio.org\/#organization\",\"name\":\"Acci\u00f3 per l&#039;educaci\u00f3\",\"url\":\"https:\/\/www.accioeducacio.org\/\",\"logo\":{\"@type\":\"ImageObject\",\"inLanguage\":\"ca\",\"@id\":\"https:\/\/www.accioeducacio.org\/#\/schema\/logo\/image\/\",\"url\":\"https:\/\/www.accioeducacio.org\/wp-content\/uploads\/2022\/06\/logo_header.jpg\",\"contentUrl\":\"https:\/\/www.accioeducacio.org\/wp-content\/uploads\/2022\/06\/logo_header.jpg\",\"width\":269,\"height\":59,\"caption\":\"Acci\u00f3 per l&#039;educaci\u00f3\"},\"image\":{\"@id\":\"https:\/\/www.accioeducacio.org\/#\/schema\/logo\/image\/\"}}]}<\/script>\n<!-- \/ Yoast SEO plugin. -->","yoast_head_json":{"title":"Documentaci\u00f3 - Acci\u00f3 per l&#039;educaci\u00f3","robots":{"index":"index","follow":"follow","max-snippet":"max-snippet:-1","max-image-preview":"max-image-preview:large","max-video-preview":"max-video-preview:-1"},"canonical":"https:\/\/www.accioeducacio.org\/documentacion\/","og_locale":"ca_ES","og_type":"article","og_title":"Documentaci\u00f3 - Acci\u00f3 per l&#039;educaci\u00f3","og_description":"Fundaci\u00f3 Acci\u00f3 per l\u2019Educaci\u00f3 Resum d'activitats i projectes realitzats, informaci\u00f3 econ\u00f2mica, etc. MEM\u00d2RIA 2021 MEM\u00d2RIA 2019-2020 MEM\u00d2RIA 2018-2019 DOCUMENTACI\u00d3 Dret a l&#8217;Educaci\u00f3 &#8211; Carta dels Drets Fonamentals de la UE Declaraci\u00f3 Universal Drets Humans &#8211; Nacions Unides Dret a l&#8217;Educaci\u00f3 i la Llibertat d&#8217;Ensenyament &#8211; Constituci\u00f3 espanyola La Llibertat d&#8217;Ensenyament &#8211; Tribunal Constitucional Dret a [&hellip;]","og_url":"https:\/\/www.accioeducacio.org\/documentacion\/","og_site_name":"Acci\u00f3 per l&#039;educaci\u00f3","article_modified_time":"2024-11-20T15:46:02+00:00","og_image":[{"url":"https:\/\/www.accioeducacio.org\/wp-content\/uploads\/2022\/06\/20220118_Memoria2021_V1.jpg"}],"twitter_card":"summary_large_image","twitter_misc":{"Temps estimat de lectura":"1 minut"},"schema":{"@context":"https:\/\/schema.org","@graph":[{"@type":"WebPage","@id":"https:\/\/www.accioeducacio.org\/documentacion\/","url":"https:\/\/www.accioeducacio.org\/documentacion\/","name":"Documentaci\u00f3 - Acci\u00f3 per l&#039;educaci\u00f3","isPartOf":{"@id":"https:\/\/www.accioeducacio.org\/#website"},"datePublished":"2022-06-08T10:18:00+00:00","dateModified":"2024-11-20T15:46:02+00:00","breadcrumb":{"@id":"https:\/\/www.accioeducacio.org\/documentacion\/#breadcrumb"},"inLanguage":"ca","potentialAction":[{"@type":"ReadAction","target":["https:\/\/www.accioeducacio.org\/documentacion\/"]}]},{"@type":"BreadcrumbList","@id":"https:\/\/www.accioeducacio.org\/documentacion\/#breadcrumb","itemListElement":[{"@type":"ListItem","position":1,"name":"Home","item":"https:\/\/www.accioeducacio.org\/"},{"@type":"ListItem","position":2,"name":"Documentaci\u00f3"}]},{"@type":"WebSite","@id":"https:\/\/www.accioeducacio.org\/#website","url":"https:\/\/www.accioeducacio.org\/","name":"Acci\u00f3 per l&#039;educaci\u00f3","description":"Acci\u00f3 per leducaci\u00f3","publisher":{"@id":"https:\/\/www.accioeducacio.org\/#organization"},"potentialAction":[{"@type":"SearchAction","target":{"@type":"EntryPoint","urlTemplate":"https:\/\/www.accioeducacio.org\/?s={search_term_string}"},"query-input":"required name=search_term_string"}],"inLanguage":"ca"},{"@type":"Organization","@id":"https:\/\/www.accioeducacio.org\/#organization","name":"Acci\u00f3 per l&#039;educaci\u00f3","url":"https:\/\/www.accioeducacio.org\/","logo":{"@type":"ImageObject","inLanguage":"ca","@id":"https:\/\/www.accioeducacio.org\/#\/schema\/logo\/image\/","url":"https:\/\/www.accioeducacio.org\/wp-content\/uploads\/2022\/06\/logo_header.jpg","contentUrl":"https:\/\/www.accioeducacio.org\/wp-content\/uploads\/2022\/06\/logo_header.jpg","width":269,"height":59,"caption":"Acci\u00f3 per l&#039;educaci\u00f3"},"image":{"@id":"https:\/\/www.accioeducacio.org\/#\/schema\/logo\/image\/"}}]}},"_links":{"self":[{"href":"https:\/\/www.accioeducacio.org\/ca\/wp-json\/wp\/v2\/pages\/721","targetHints":{"allow":["GET"]}}],"collection":[{"href":"https:\/\/www.accioeducacio.org\/ca\/wp-json\/wp\/v2\/pages"}],"about":[{"href":"https:\/\/www.accioeducacio.org\/ca\/wp-json\/wp\/v2\/types\/page"}],"author":[{"embeddable":true,"href":"https:\/\/www.accioeducacio.org\/ca\/wp-json\/wp\/v2\/users\/1"}],"replies":[{"embeddable":true,"href":"https:\/\/www.accioeducacio.org\/ca\/wp-json\/wp\/v2\/comments?post=721"}],"version-history":[{"count":4,"href":"https:\/\/www.accioeducacio.org\/ca\/wp-json\/wp\/v2\/pages\/721\/revisions"}],"predecessor-version":[{"id":892,"href":"https:\/\/www.accioeducacio.org\/ca\/wp-json\/wp\/v2\/pages\/721\/revisions\/892"}],"wp:attachment":[{"href":"https:\/\/www.accioeducacio.org\/ca\/wp-json\/wp\/v2\/media?parent=721"}],"curies":[{"name":"wp","href":"https:\/\/api.w.org\/{rel}","templated":true}]}}