{"id":715,"date":"2022-06-08T10:18:09","date_gmt":"2022-06-08T10:18:09","guid":{"rendered":"https:\/\/www.accioeducacio.org\/contacte\/"},"modified":"2022-07-15T07:31:52","modified_gmt":"2022-07-15T07:31:52","slug":"contacte","status":"publish","type":"page","link":"https:\/\/www.accioeducacio.org\/ca\/contacte\/","title":{"rendered":"Contacte"},"content":{"rendered":"\t\t<div data-elementor-type=\"wp-page\" data-elementor-id=\"715\" class=\"elementor elementor-715\" data-elementor-post-type=\"page\">\n\t\t\t\t\t\t<section class=\"elementor-section elementor-top-section elementor-element elementor-element-efe3275 elementor-section-full_width elementor-reverse-mobile elementor-reverse-tablet elementor-section-height-min-height elementor-section-height-default elementor-section-items-middle\" data-id=\"efe3275\" data-element_type=\"section\" data-settings=\"{&quot;background_background&quot;:&quot;classic&quot;,&quot;jet_parallax_layout_list&quot;:[]}\">\n\t\t\t\t\t\t<div class=\"elementor-container elementor-column-gap-default\">\n\t\t\t\t\t<div class=\"elementor-column elementor-col-50 elementor-top-column elementor-element elementor-element-9e811fa\" data-id=\"9e811fa\" data-element_type=\"column\" data-settings=\"{&quot;background_background&quot;:&quot;classic&quot;}\">\n\t\t\t<div class=\"elementor-widget-wrap elementor-element-populated\">\n\t\t\t\t\t\t<div class=\"elementor-element elementor-element-a221f73 elementor-widget elementor-widget-spacer\" data-id=\"a221f73\" data-element_type=\"widget\" data-widget_type=\"spacer.default\">\n\t\t\t\t<div class=\"elementor-widget-container\">\n\t\t\t\t\t<div class=\"elementor-spacer\">\n\t\t\t<div class=\"elementor-spacer-inner\"><\/div>\n\t\t<\/div>\n\t\t\t\t<\/div>\n\t\t\t\t<\/div>\n\t\t\t\t\t<\/div>\n\t\t<\/div>\n\t\t\t\t<div class=\"elementor-column elementor-col-50 elementor-top-column elementor-element elementor-element-9ee6730\" data-id=\"9ee6730\" data-element_type=\"column\">\n\t\t\t<div class=\"elementor-widget-wrap\">\n\t\t\t\t\t\t\t<\/div>\n\t\t<\/div>\n\t\t\t\t\t<\/div>\n\t\t<\/section>\n\t\t\t\t<section class=\"elementor-section elementor-top-section elementor-element elementor-element-3a15384 elementor-section-boxed elementor-section-height-default elementor-section-height-default\" data-id=\"3a15384\" data-element_type=\"section\" data-settings=\"{&quot;jet_parallax_layout_list&quot;:[]}\">\n\t\t\t\t\t\t<div class=\"elementor-container elementor-column-gap-default\">\n\t\t\t\t\t<div class=\"elementor-column elementor-col-66 elementor-top-column elementor-element elementor-element-92f9166\" data-id=\"92f9166\" data-element_type=\"column\">\n\t\t\t<div class=\"elementor-widget-wrap elementor-element-populated\">\n\t\t\t\t\t\t<div class=\"elementor-element elementor-element-efcad8b elementor-widget elementor-widget-heading\" data-id=\"efcad8b\" data-element_type=\"widget\" data-widget_type=\"heading.default\">\n\t\t\t\t<div class=\"elementor-widget-container\">\n\t\t\t<h1 class=\"elementor-heading-title elementor-size-default\">Contacta amb nosaltres<\/h1>\t\t<\/div>\n\t\t\t\t<\/div>\n\t\t\t\t<div class=\"elementor-element elementor-element-ba790a7 elementor-button-align-start elementor-widget elementor-widget-form\" data-id=\"ba790a7\" data-element_type=\"widget\" data-settings=\"{&quot;step_next_label&quot;:&quot;Seg\\u00fcent&quot;,&quot;step_previous_label&quot;:&quot;Anterior&quot;,&quot;button_width&quot;:&quot;100&quot;,&quot;step_type&quot;:&quot;number_text&quot;,&quot;step_icon_shape&quot;:&quot;circle&quot;}\" data-widget_type=\"form.default\">\n\t\t\t\t<div class=\"elementor-widget-container\">\n\t\t\t\t\t<form class=\"elementor-form\" method=\"post\" name=\"Nou formulari\">\n\t\t\t<input type=\"hidden\" name=\"post_id\" value=\"715\"\/>\n\t\t\t<input type=\"hidden\" name=\"form_id\" value=\"ba790a7\"\/>\n\t\t\t<input type=\"hidden\" name=\"referer_title\" value=\"Acci\u00f3 per l&#039;educaci\u00f3\" \/>\n\n\t\t\t\n\t\t\t<div class=\"elementor-form-fields-wrapper elementor-labels-\">\n\t\t\t\t\t\t\t\t<div class=\"elementor-field-type-text elementor-field-group elementor-column elementor-field-group-name elementor-col-100\">\n\t\t\t\t\t\t\t\t\t\t\t\t<label for=\"form-field-name\" class=\"elementor-field-label elementor-screen-only\">\n\t\t\t\t\t\t\t\tNom\t\t\t\t\t\t\t<\/label>\n\t\t\t\t\t\t\t\t\t\t\t\t\t\t<input size=\"1\" type=\"text\" name=\"form_fields[name]\" id=\"form-field-name\" class=\"elementor-field elementor-size-sm  elementor-field-textual\" placeholder=\"Nom\">\n\t\t\t\t\t\t\t\t\t\t\t<\/div>\n\t\t\t\t\t\t\t\t<div class=\"elementor-field-type-email elementor-field-group elementor-column elementor-field-group-email elementor-col-100 elementor-field-required\">\n\t\t\t\t\t\t\t\t\t\t\t\t<label for=\"form-field-email\" class=\"elementor-field-label elementor-screen-only\">\n\t\t\t\t\t\t\t\tCorreu electr\u00f2nic\t\t\t\t\t\t\t<\/label>\n\t\t\t\t\t\t\t\t\t\t\t\t\t\t<input size=\"1\" type=\"email\" name=\"form_fields[email]\" id=\"form-field-email\" class=\"elementor-field elementor-size-sm  elementor-field-textual\" placeholder=\"Correu electr\u00f2nic\" required=\"required\" aria-required=\"true\">\n\t\t\t\t\t\t\t\t\t\t\t<\/div>\n\t\t\t\t\t\t\t\t<div class=\"elementor-field-type-textarea elementor-field-group elementor-column elementor-field-group-message elementor-col-100\">\n\t\t\t\t\t\t\t\t\t\t\t\t<label for=\"form-field-message\" class=\"elementor-field-label elementor-screen-only\">\n\t\t\t\t\t\t\t\tMissatge\t\t\t\t\t\t\t<\/label>\n\t\t\t\t\t\t<textarea class=\"elementor-field-textual elementor-field  elementor-size-sm\" name=\"form_fields[message]\" id=\"form-field-message\" rows=\"4\" placeholder=\"Missatge\"><\/textarea>\t\t\t\t<\/div>\n\t\t\t\t\t\t\t\t<div class=\"elementor-field-type-acceptance elementor-field-group elementor-column elementor-field-group-field_bd84965 elementor-col-100 elementor-field-required\">\n\t\t\t\t\t\t\t<div class=\"elementor-field-subgroup\">\n\t\t\t<span class=\"elementor-field-option\">\n\t\t\t\t<input type=\"checkbox\" name=\"form_fields[field_bd84965]\" id=\"form-field-field_bd84965\" class=\"elementor-field elementor-size-sm  elementor-acceptance-field\" required=\"required\" aria-required=\"true\">\n\t\t\t\t<label for=\"form-field-field_bd84965\">Accepto les condicions legals i la Pol\u00edtica de privacitat<\/label>\t\t\t<\/span>\n\t\t<\/div>\n\t\t\t\t\t\t<\/div>\n\t\t\t\t\t\t\t\t<div class=\"elementor-field-type-html elementor-field-group elementor-column elementor-field-group-field_fcdb555 elementor-col-100\">\n\t\t\t\t\tResponsable de los datos: ACCIOEDUCACIO.ORG, Finalidad: Responder a solicitudes del formulario, Legitimaci\u00f3n: Tu consentimiento expreso, Destinatario: ACCIOEDUCACIO.ORG, Derechos: Tienes derecho al acceso, rectificaci\u00f3n, supresi\u00f3n, limitaci\u00f3n, portabilidad y Olvido de tus datos, M\u00e1s info: pol\u00edtica de privacidad.\t\t\t\t<\/div>\n\t\t\t\t\t\t\t\t<div class=\"elementor-field-group elementor-column elementor-field-type-submit elementor-col-100 e-form__buttons\">\n\t\t\t\t\t<button type=\"submit\" class=\"elementor-button elementor-size-sm\">\n\t\t\t\t\t\t<span >\n\t\t\t\t\t\t\t\t\t\t\t\t\t\t\t<span class=\" elementor-button-icon\">\n\t\t\t\t\t\t\t\t\t\t\t\t\t\t\t\t\t\t\t\t\t\t\t\t\t\t<\/span>\n\t\t\t\t\t\t\t\t\t\t\t\t\t\t\t\t\t\t\t\t\t\t<span class=\"elementor-button-text\">Enviar<\/span>\n\t\t\t\t\t\t\t\t\t\t\t\t\t<\/span>\n\t\t\t\t\t<\/button>\n\t\t\t\t<\/div>\n\t\t\t<\/div>\n\t\t<\/form>\n\t\t\t\t<\/div>\n\t\t\t\t<\/div>\n\t\t\t\t\t<\/div>\n\t\t<\/div>\n\t\t\t\t<div class=\"elementor-column elementor-col-33 elementor-top-column elementor-element elementor-element-4d078bc\" data-id=\"4d078bc\" data-element_type=\"column\">\n\t\t\t<div class=\"elementor-widget-wrap elementor-element-populated\">\n\t\t\t\t\t\t<div class=\"elementor-element elementor-element-8de6405 elementor-widget elementor-widget-google_maps\" data-id=\"8de6405\" data-element_type=\"widget\" data-widget_type=\"google_maps.default\">\n\t\t\t\t<div class=\"elementor-widget-container\">\n\t\t\t\t\t<div class=\"elementor-custom-embed\">\n\t\t\t<iframe loading=\"lazy\"\n\t\t\t\t\tsrc=\"https:\/\/maps.google.com\/maps?q=acci%C3%B3%20per%20la%20educaci%C3%B3%2C%20Av.%20Diagonal%2C%20626%2C%204t%201a%2008021%20Barcelona&#038;t=m&#038;z=16&#038;output=embed&#038;iwloc=near\"\n\t\t\t\t\ttitle=\"acci\u00f3 per la educaci\u00f3, Av. Diagonal, 626, 4t 1a 08021 Barcelona\"\n\t\t\t\t\taria-label=\"acci\u00f3 per la educaci\u00f3, Av. Diagonal, 626, 4t 1a 08021 Barcelona\"\n\t\t\t><\/iframe>\n\t\t<\/div>\n\t\t\t\t<\/div>\n\t\t\t\t<\/div>\n\t\t\t\t\t<\/div>\n\t\t<\/div>\n\t\t\t\t\t<\/div>\n\t\t<\/section>\n\t\t\t\t<section class=\"elementor-section elementor-top-section elementor-element elementor-element-aa6ff38 elementor-section-full_width elementor-section-height-default elementor-section-height-default\" data-id=\"aa6ff38\" data-element_type=\"section\" data-settings=\"{&quot;jet_parallax_layout_list&quot;:[]}\">\n\t\t\t\t\t\t<div class=\"elementor-container elementor-column-gap-default\">\n\t\t\t\t\t<div class=\"elementor-column elementor-col-50 elementor-top-column elementor-element elementor-element-ea06eeb\" data-id=\"ea06eeb\" data-element_type=\"column\" data-settings=\"{&quot;background_background&quot;:&quot;classic&quot;}\">\n\t\t\t<div class=\"elementor-widget-wrap elementor-element-populated\">\n\t\t\t\t\t\t<div class=\"elementor-element elementor-element-259140c elementor-widget elementor-widget-spacer\" data-id=\"259140c\" data-element_type=\"widget\" data-widget_type=\"spacer.default\">\n\t\t\t\t<div class=\"elementor-widget-container\">\n\t\t\t\t\t<div class=\"elementor-spacer\">\n\t\t\t<div class=\"elementor-spacer-inner\"><\/div>\n\t\t<\/div>\n\t\t\t\t<\/div>\n\t\t\t\t<\/div>\n\t\t\t\t\t<\/div>\n\t\t<\/div>\n\t\t\t\t<div class=\"elementor-column elementor-col-50 elementor-top-column elementor-element elementor-element-0feb7f8\" data-id=\"0feb7f8\" data-element_type=\"column\" data-settings=\"{&quot;background_background&quot;:&quot;classic&quot;}\">\n\t\t\t<div class=\"elementor-widget-wrap elementor-element-populated\">\n\t\t\t\t\t\t<div class=\"elementor-element elementor-element-b76d133 elementor-widget elementor-widget-heading\" data-id=\"b76d133\" data-element_type=\"widget\" data-widget_type=\"heading.default\">\n\t\t\t\t<div class=\"elementor-widget-container\">\n\t\t\t<h2 class=\"elementor-heading-title elementor-size-default\">MILLORAR L'EDUCACI\u00d3 PER CANVIAR EL M\u00d3N<\/h2>\t\t<\/div>\n\t\t\t\t<\/div>\n\t\t\t\t<div class=\"elementor-element elementor-element-d8dbe8c elementor-widget elementor-widget-text-editor\" data-id=\"d8dbe8c\" data-element_type=\"widget\" data-widget_type=\"text-editor.default\">\n\t\t\t\t<div class=\"elementor-widget-container\">\n\t\t\t\t\t\t\tUn servei a la societat mitjan\u00e7ant la promoci\u00f3 universal de leducaci\u00f3 de les persones a tot el m\u00f3n.\t\t\t\t\t\t<\/div>\n\t\t\t\t<\/div>\n\t\t\t\t<div class=\"elementor-element elementor-element-bd4a55a elementor-widget elementor-widget-button\" data-id=\"bd4a55a\" data-element_type=\"widget\" data-widget_type=\"button.default\">\n\t\t\t\t<div class=\"elementor-widget-container\">\n\t\t\t\t\t\t\t<div class=\"elementor-button-wrapper\">\n\t\t\t\t\t<a class=\"elementor-button elementor-button-link elementor-size-md\" href=\"https:\/\/www.accioeducacio.org\/ca\/dona\/\">\n\t\t\t\t\t\t<span class=\"elementor-button-content-wrapper\">\n\t\t\t\t\t\t\t\t\t<span class=\"elementor-button-text\">COL\u00b7LABORA<\/span>\n\t\t\t\t\t<\/span>\n\t\t\t\t\t<\/a>\n\t\t\t\t<\/div>\n\t\t\t\t\t\t<\/div>\n\t\t\t\t<\/div>\n\t\t\t\t\t<\/div>\n\t\t<\/div>\n\t\t\t\t\t<\/div>\n\t\t<\/section>\n\t\t\t\t<\/div>\n\t\t","protected":false},"excerpt":{"rendered":"<p>Contacta amb nosaltres MILLORAR L&#8217;EDUCACI\u00d3 PER CANVIAR EL M\u00d3N Un servei a la societat mitjan\u00e7ant la promoci\u00f3 universal de leducaci\u00f3 de les persones a tot el m\u00f3n. COL\u00b7LABORA<\/p>\n","protected":false},"author":1,"featured_media":0,"parent":0,"menu_order":0,"comment_status":"closed","ping_status":"closed","template":"","meta":{"footnotes":""},"class_list":["post-715","page","type-page","status-publish","hentry"],"yoast_head":"<!-- This site is optimized with the Yoast SEO plugin v21.5 - https:\/\/yoast.com\/wordpress\/plugins\/seo\/ -->\n<title>Contacte - Acci\u00f3 per l&#039;educaci\u00f3<\/title>\n<meta name=\"robots\" content=\"index, follow, max-snippet:-1, max-image-preview:large, max-video-preview:-1\" \/>\n<link rel=\"canonical\" href=\"https:\/\/www.accioeducacio.org\/contacto\/\" \/>\n<meta property=\"og:locale\" content=\"ca_ES\" \/>\n<meta property=\"og:type\" content=\"article\" \/>\n<meta property=\"og:title\" content=\"Contacte - Acci\u00f3 per l&#039;educaci\u00f3\" \/>\n<meta property=\"og:description\" content=\"Contacta amb nosaltres MILLORAR L&#8217;EDUCACI\u00d3 PER CANVIAR EL M\u00d3N Un servei a la societat mitjan\u00e7ant la promoci\u00f3 universal de leducaci\u00f3 de les persones a tot el m\u00f3n. COL\u00b7LABORA\" \/>\n<meta property=\"og:url\" content=\"https:\/\/www.accioeducacio.org\/contacto\/\" \/>\n<meta property=\"og:site_name\" content=\"Acci\u00f3 per l&#039;educaci\u00f3\" \/>\n<meta property=\"article:modified_time\" content=\"2022-07-15T07:31:52+00:00\" \/>\n<meta name=\"twitter:card\" content=\"summary_large_image\" \/>\n<meta name=\"twitter:label1\" content=\"Temps estimat de lectura\" \/>\n\t<meta name=\"twitter:data1\" content=\"1 minut\" \/>\n<script type=\"application\/ld+json\" class=\"yoast-schema-graph\">{\"@context\":\"https:\/\/schema.org\",\"@graph\":[{\"@type\":\"WebPage\",\"@id\":\"https:\/\/www.accioeducacio.org\/contacto\/\",\"url\":\"https:\/\/www.accioeducacio.org\/contacto\/\",\"name\":\"Contacte - Acci\u00f3 per l&#039;educaci\u00f3\",\"isPartOf\":{\"@id\":\"https:\/\/www.accioeducacio.org\/#website\"},\"datePublished\":\"2022-06-08T10:18:09+00:00\",\"dateModified\":\"2022-07-15T07:31:52+00:00\",\"breadcrumb\":{\"@id\":\"https:\/\/www.accioeducacio.org\/contacto\/#breadcrumb\"},\"inLanguage\":\"ca\",\"potentialAction\":[{\"@type\":\"ReadAction\",\"target\":[\"https:\/\/www.accioeducacio.org\/contacto\/\"]}]},{\"@type\":\"BreadcrumbList\",\"@id\":\"https:\/\/www.accioeducacio.org\/contacto\/#breadcrumb\",\"itemListElement\":[{\"@type\":\"ListItem\",\"position\":1,\"name\":\"Home\",\"item\":\"https:\/\/www.accioeducacio.org\/\"},{\"@type\":\"ListItem\",\"position\":2,\"name\":\"Contacte\"}]},{\"@type\":\"WebSite\",\"@id\":\"https:\/\/www.accioeducacio.org\/#website\",\"url\":\"https:\/\/www.accioeducacio.org\/\",\"name\":\"Acci\u00f3 per l&#039;educaci\u00f3\",\"description\":\"Acci\u00f3 per leducaci\u00f3\",\"publisher\":{\"@id\":\"https:\/\/www.accioeducacio.org\/#organization\"},\"potentialAction\":[{\"@type\":\"SearchAction\",\"target\":{\"@type\":\"EntryPoint\",\"urlTemplate\":\"https:\/\/www.accioeducacio.org\/?s={search_term_string}\"},\"query-input\":\"required name=search_term_string\"}],\"inLanguage\":\"ca\"},{\"@type\":\"Organization\",\"@id\":\"https:\/\/www.accioeducacio.org\/#organization\",\"name\":\"Acci\u00f3 per l&#039;educaci\u00f3\",\"url\":\"https:\/\/www.accioeducacio.org\/\",\"logo\":{\"@type\":\"ImageObject\",\"inLanguage\":\"ca\",\"@id\":\"https:\/\/www.accioeducacio.org\/#\/schema\/logo\/image\/\",\"url\":\"https:\/\/www.accioeducacio.org\/wp-content\/uploads\/2022\/06\/logo_header.jpg\",\"contentUrl\":\"https:\/\/www.accioeducacio.org\/wp-content\/uploads\/2022\/06\/logo_header.jpg\",\"width\":269,\"height\":59,\"caption\":\"Acci\u00f3 per l&#039;educaci\u00f3\"},\"image\":{\"@id\":\"https:\/\/www.accioeducacio.org\/#\/schema\/logo\/image\/\"}}]}<\/script>\n<!-- \/ Yoast SEO plugin. -->","yoast_head_json":{"title":"Contacte - Acci\u00f3 per l&#039;educaci\u00f3","robots":{"index":"index","follow":"follow","max-snippet":"max-snippet:-1","max-image-preview":"max-image-preview:large","max-video-preview":"max-video-preview:-1"},"canonical":"https:\/\/www.accioeducacio.org\/contacto\/","og_locale":"ca_ES","og_type":"article","og_title":"Contacte - Acci\u00f3 per l&#039;educaci\u00f3","og_description":"Contacta amb nosaltres MILLORAR L&#8217;EDUCACI\u00d3 PER CANVIAR EL M\u00d3N Un servei a la societat mitjan\u00e7ant la promoci\u00f3 universal de leducaci\u00f3 de les persones a tot el m\u00f3n. COL\u00b7LABORA","og_url":"https:\/\/www.accioeducacio.org\/contacto\/","og_site_name":"Acci\u00f3 per l&#039;educaci\u00f3","article_modified_time":"2022-07-15T07:31:52+00:00","twitter_card":"summary_large_image","twitter_misc":{"Temps estimat de lectura":"1 minut"},"schema":{"@context":"https:\/\/schema.org","@graph":[{"@type":"WebPage","@id":"https:\/\/www.accioeducacio.org\/contacto\/","url":"https:\/\/www.accioeducacio.org\/contacto\/","name":"Contacte - Acci\u00f3 per l&#039;educaci\u00f3","isPartOf":{"@id":"https:\/\/www.accioeducacio.org\/#website"},"datePublished":"2022-06-08T10:18:09+00:00","dateModified":"2022-07-15T07:31:52+00:00","breadcrumb":{"@id":"https:\/\/www.accioeducacio.org\/contacto\/#breadcrumb"},"inLanguage":"ca","potentialAction":[{"@type":"ReadAction","target":["https:\/\/www.accioeducacio.org\/contacto\/"]}]},{"@type":"BreadcrumbList","@id":"https:\/\/www.accioeducacio.org\/contacto\/#breadcrumb","itemListElement":[{"@type":"ListItem","position":1,"name":"Home","item":"https:\/\/www.accioeducacio.org\/"},{"@type":"ListItem","position":2,"name":"Contacte"}]},{"@type":"WebSite","@id":"https:\/\/www.accioeducacio.org\/#website","url":"https:\/\/www.accioeducacio.org\/","name":"Acci\u00f3 per l&#039;educaci\u00f3","description":"Acci\u00f3 per leducaci\u00f3","publisher":{"@id":"https:\/\/www.accioeducacio.org\/#organization"},"potentialAction":[{"@type":"SearchAction","target":{"@type":"EntryPoint","urlTemplate":"https:\/\/www.accioeducacio.org\/?s={search_term_string}"},"query-input":"required name=search_term_string"}],"inLanguage":"ca"},{"@type":"Organization","@id":"https:\/\/www.accioeducacio.org\/#organization","name":"Acci\u00f3 per l&#039;educaci\u00f3","url":"https:\/\/www.accioeducacio.org\/","logo":{"@type":"ImageObject","inLanguage":"ca","@id":"https:\/\/www.accioeducacio.org\/#\/schema\/logo\/image\/","url":"https:\/\/www.accioeducacio.org\/wp-content\/uploads\/2022\/06\/logo_header.jpg","contentUrl":"https:\/\/www.accioeducacio.org\/wp-content\/uploads\/2022\/06\/logo_header.jpg","width":269,"height":59,"caption":"Acci\u00f3 per l&#039;educaci\u00f3"},"image":{"@id":"https:\/\/www.accioeducacio.org\/#\/schema\/logo\/image\/"}}]}},"_links":{"self":[{"href":"https:\/\/www.accioeducacio.org\/ca\/wp-json\/wp\/v2\/pages\/715","targetHints":{"allow":["GET"]}}],"collection":[{"href":"https:\/\/www.accioeducacio.org\/ca\/wp-json\/wp\/v2\/pages"}],"about":[{"href":"https:\/\/www.accioeducacio.org\/ca\/wp-json\/wp\/v2\/types\/page"}],"author":[{"embeddable":true,"href":"https:\/\/www.accioeducacio.org\/ca\/wp-json\/wp\/v2\/users\/1"}],"replies":[{"embeddable":true,"href":"https:\/\/www.accioeducacio.org\/ca\/wp-json\/wp\/v2\/comments?post=715"}],"version-history":[{"count":8,"href":"https:\/\/www.accioeducacio.org\/ca\/wp-json\/wp\/v2\/pages\/715\/revisions"}],"predecessor-version":[{"id":976,"href":"https:\/\/www.accioeducacio.org\/ca\/wp-json\/wp\/v2\/pages\/715\/revisions\/976"}],"wp:attachment":[{"href":"https:\/\/www.accioeducacio.org\/ca\/wp-json\/wp\/v2\/media?parent=715"}],"curies":[{"name":"wp","href":"https:\/\/api.w.org\/{rel}","templated":true}]}}